{"id":6864,"date":"2023-05-17T08:54:39","date_gmt":"2023-05-17T08:54:39","guid":{"rendered":"http:\/\/spanishtours.es\/?post_type=product&#038;p=6864"},"modified":"2023-05-17T09:01:58","modified_gmt":"2023-05-17T09:01:58","slug":"madrid-y-sus-vinos-un-recorrido-por-las-bodegas-mas-cercanas-a-la-ciudad","status":"publish","type":"product","link":"http:\/\/spanishtours.es\/en\/product\/madrid-y-sus-vinos-un-recorrido-por-las-bodegas-mas-cercanas-a-la-ciudad\/","title":{"rendered":"Madrid and its wines | A tour of the wineries closest to the city"},"content":{"rendered":"<div data-elementor-type=\"wp-post\" data-elementor-id=\"6864\" class=\"elementor elementor-6864\">\n\t\t\t\t\t\t<section class=\"elementor-section elementor-top-section elementor-element elementor-element-7bb525b9 elementor-section-boxed elementor-section-height-default elementor-section-height-default\" data-id=\"7bb525b9\" data-element_type=\"section\">\n\t\t\t\t\t\t<div class=\"elementor-container elementor-column-gap-default\">\n\t\t\t\t\t<div class=\"elementor-column elementor-col-100 elementor-top-column elementor-element elementor-element-279895ee\" data-id=\"279895ee\" data-element_type=\"column\">\n\t\t\t<div class=\"elementor-widget-wrap elementor-element-populated\">\n\t\t\t\t\t\t<div class=\"elementor-element elementor-element-1ed348b elementor-widget elementor-widget-text-editor\" data-id=\"1ed348b\" data-element_type=\"widget\" data-widget_type=\"text-editor.default\">\n\t\t\t\t<div class=\"elementor-widget-container\">\n\t\t\t<style>\/*! elementor - v3.19.0 - 29-01-2024 *\/\n.elementor-widget-text-editor.elementor-drop-cap-view-stacked .elementor-drop-cap{background-color:#69727d;color:#fff}.elementor-widget-text-editor.elementor-drop-cap-view-framed .elementor-drop-cap{color:#69727d;border:3px solid;background-color:transparent}.elementor-widget-text-editor:not(.elementor-drop-cap-view-default) .elementor-drop-cap{margin-top:8px}.elementor-widget-text-editor:not(.elementor-drop-cap-view-default) .elementor-drop-cap-letter{width:1em;height:1em}.elementor-widget-text-editor .elementor-drop-cap{float:left;text-align:center;line-height:1;font-size:50px}.elementor-widget-text-editor .elementor-drop-cap-letter{display:inline-block}<\/style>\t\t\t\t\t\t\t\t\t\t<\/div>\n\t\t\t\t<\/div>\n\t\t\t\t<div class=\"elementor-element elementor-element-112a397 elementor-widget elementor-widget-text-editor\" data-id=\"112a397\" data-element_type=\"widget\" data-widget_type=\"text-editor.default\">\n\t\t\t\t<div class=\"elementor-widget-container\">\n\t\t\t\t\t\t\t<p><strong>\u00a1Cata y degustaci\u00f3n en las bodegas de Madrid!<\/strong><\/p><p>Los vinos de Madrid se van haciendo un nombre y gracias a su cercan\u00eda con la ciudad, es muy f\u00e1cil visitar las principales bodegas de la regi\u00f3n, ubicadas cerca al pintoresco Chinch\u00f3n, San Mart\u00edn de Valdeiglesias o colindantes a Gredos y \u00c1vila, todas a menos de una hora de Madrid.<\/p><p style=\"text-align: start;\"><strong><span style=\"background-color: #fbf8f3; color: #494847; font-family: Inter, sans-serif; letter-spacing: 0.16px;\">\u00a1No te pierdas una actividad diferente fuera de la ciudad! Prueba los vinos de Madrid acompa\u00f1ados de tapas!<\/span><\/strong><\/p>\t\t\t\t\t\t<\/div>\n\t\t\t\t<\/div>\n\t\t\t\t<div class=\"elementor-element elementor-element-60c944a elementor-widget elementor-widget-text-editor\" data-id=\"60c944a\" data-element_type=\"widget\" data-widget_type=\"text-editor.default\">\n\t\t\t\t<div class=\"elementor-widget-container\">\n\t\t\t\t\t\t\t\t\t\t\t\t\t<\/div>\n\t\t\t\t<\/div>\n\t\t\t\t<div class=\"elementor-element elementor-element-f2b8d03 elementor-widget elementor-widget-text-editor\" data-id=\"f2b8d03\" data-element_type=\"widget\" data-widget_type=\"text-editor.default\">\n\t\t\t\t<div class=\"elementor-widget-container\">\n\t\t\t\t\t\t\t\t\t\t\t\t\t<\/div>\n\t\t\t\t<\/div>\n\t\t\t\t\t<\/div>\n\t\t<\/div>\n\t\t\t\t\t<\/div>\n\t\t<\/section>\n\t\t\t\t<\/div>","protected":false},"excerpt":{"rendered":"<div data-v-dfcda204=\"\">Visit the wineries of Madrid<\/div>","protected":false},"featured_media":6865,"comment_status":"open","ping_status":"closed","template":"","meta":{"om_disable_all_campaigns":false,"_monsterinsights_skip_tracking":false,"_monsterinsights_sitenote_active":false,"_monsterinsights_sitenote_note":"","_monsterinsights_sitenote_category":0},"product_cat":[60,61,63],"product_tag":[53,52,45,55,46,54,51,47,48,49,56,50],"class_list":{"0":"post-6864","1":"product","2":"type-product","3":"status-publish","4":"has-post-thumbnail","6":"product_cat-day-tours","7":"product_cat-eventos-especiales","8":"product_cat-experiencias-gastronomicas","9":"product_tag-bar","10":"product_tag-bares","11":"product_tag-comida","12":"product_tag-espana","13":"product_tag-madrid","14":"product_tag-restaurante","15":"product_tag-restaurantes","16":"product_tag-tapas","17":"product_tag-tour","18":"product_tag-tours","19":"product_tag-turismo","20":"product_tag-visita","22":"first","23":"instock","24":"shipping-taxable","25":"purchasable","26":"product-type-ovabrw_car_rental"},"aioseo_notices":[],"_links":{"self":[{"href":"http:\/\/spanishtours.es\/en\/wp-json\/wp\/v2\/product\/6864","targetHints":{"allow":["GET"]}}],"collection":[{"href":"http:\/\/spanishtours.es\/en\/wp-json\/wp\/v2\/product"}],"about":[{"href":"http:\/\/spanishtours.es\/en\/wp-json\/wp\/v2\/types\/product"}],"replies":[{"embeddable":true,"href":"http:\/\/spanishtours.es\/en\/wp-json\/wp\/v2\/comments?post=6864"}],"version-history":[{"count":4,"href":"http:\/\/spanishtours.es\/en\/wp-json\/wp\/v2\/product\/6864\/revisions"}],"predecessor-version":[{"id":6873,"href":"http:\/\/spanishtours.es\/en\/wp-json\/wp\/v2\/product\/6864\/revisions\/6873"}],"wp:featuredmedia":[{"embeddable":true,"href":"http:\/\/spanishtours.es\/en\/wp-json\/wp\/v2\/media\/6865"}],"wp:attachment":[{"href":"http:\/\/spanishtours.es\/en\/wp-json\/wp\/v2\/media?parent=6864"}],"wp:term":[{"taxonomy":"product_cat","embeddable":true,"href":"http:\/\/spanishtours.es\/en\/wp-json\/wp\/v2\/product_cat?post=6864"},{"taxonomy":"product_tag","embeddable":true,"href":"http:\/\/spanishtours.es\/en\/wp-json\/wp\/v2\/product_tag?post=6864"}],"curies":[{"name":"wp","href":"https:\/\/api.w.org\/{rel}","templated":true}]}}