{"id":4887,"date":"2023-02-07T07:45:28","date_gmt":"2023-02-07T07:45:28","guid":{"rendered":"http:\/\/spanishtours.es\/?post_type=product&#038;p=4887"},"modified":"2023-09-13T11:55:51","modified_gmt":"2023-09-13T11:55:51","slug":"experiencia-gastronomica-gran-via","status":"publish","type":"product","link":"http:\/\/spanishtours.es\/pt\/product\/experiencia-gastronomica-gran-via\/","title":{"rendered":"Tapas en Gran V\u00eda"},"content":{"rendered":"<div data-elementor-type=\"wp-post\" data-elementor-id=\"4887\" class=\"elementor elementor-4887\">\n\t\t\t\t\t\t<section class=\"elementor-section elementor-top-section elementor-element elementor-element-7bb525b9 elementor-section-boxed elementor-section-height-default elementor-section-height-default\" data-id=\"7bb525b9\" data-element_type=\"section\">\n\t\t\t\t\t\t<div class=\"elementor-container elementor-column-gap-default\">\n\t\t\t\t\t<div class=\"elementor-column elementor-col-100 elementor-top-column elementor-element elementor-element-279895ee\" data-id=\"279895ee\" data-element_type=\"column\">\n\t\t\t<div class=\"elementor-widget-wrap elementor-element-populated\">\n\t\t\t\t\t\t<div class=\"elementor-element elementor-element-1ed348b elementor-widget elementor-widget-text-editor\" data-id=\"1ed348b\" data-element_type=\"widget\" data-widget_type=\"text-editor.default\">\n\t\t\t\t<div class=\"elementor-widget-container\">\n\t\t\t<style>\/*! elementor - v3.19.0 - 29-01-2024 *\/\n.elementor-widget-text-editor.elementor-drop-cap-view-stacked .elementor-drop-cap{background-color:#69727d;color:#fff}.elementor-widget-text-editor.elementor-drop-cap-view-framed .elementor-drop-cap{color:#69727d;border:3px solid;background-color:transparent}.elementor-widget-text-editor:not(.elementor-drop-cap-view-default) .elementor-drop-cap{margin-top:8px}.elementor-widget-text-editor:not(.elementor-drop-cap-view-default) .elementor-drop-cap-letter{width:1em;height:1em}.elementor-widget-text-editor .elementor-drop-cap{float:left;text-align:center;line-height:1;font-size:50px}.elementor-widget-text-editor .elementor-drop-cap-letter{display:inline-block}<\/style>\t\t\t\t<p><strong>Desfrute na rua principal de Madrid<\/strong><\/p>\n<p>A centen\u00e1ria Gran V\u00eda \u00e9 uma das principais art\u00e9rias da cidade e uma das avenidas mais emblem\u00e1ticas de Espanha<span style=\"color: var(--text); font-family: var(--primary-font); letter-spacing: var(--letter-spacing);\">. A sua constru\u00e7\u00e3o, entre 1910 e 1931, marcou o in\u00edcio da moderniza\u00e7\u00e3o da cidade e a acolhida aos primeiros arranha-c\u00e9us do pa\u00eds.<\/span><\/p>\n<p>Nuestro tour comienza en un conocido local de Gran V\u00eda, con dos seleccionadas tapas y una bebida. Luego pasamos a un segundo local con dos tapas m\u00e1s y una bebida m\u00e1s (a escoger entre vino, cerveza o bebida sin alcohol). Finalizamos nuestro tour con un cocktail y un delicado postre.<\/p>\n<p><strong>Uma experi\u00eancia gastron\u00f3mica num ambiente excecional com tapas gourmet que podem incluir croquetes de presunto ib\u00e9rico, espetada de queijo de cabra e cogumelos cristalizados, anchovas em vinagre, patatas bravas lascadas, salada russa com gambas, entre outras.&nbsp;<\/strong><\/p>\n<p>&nbsp;<\/p>\n<p><\/p>\n<p>*Bebidas alco\u00f3licas ser\u00e3o servidas apenas para adultos<\/p>\n<p>** Cancelamento gratuito at\u00e9 24 horas antes<\/p>\t\t\t\t\t\t<\/div>\n\t\t\t\t<\/div>\n\t\t\t\t\t<\/div>\n\t\t<\/div>\n\t\t\t\t\t<\/div>\n\t\t<\/section>\n\t\t\t\t<\/div>","protected":false},"excerpt":{"rendered":"<h2>Experiencia gastron\u00f3mica Gran V\u00eda<\/h2>\n<p><span class=\"S1PPyQ\">La centenaria Gran V\u00eda es una de las principales arterias de la ciudad y una de sus avenidas m\u00e1s emblem\u00e1ticas. Su creaci\u00f3n, entre 1910 y 1931, supuso el comienzo de la modernizaci\u00f3n de la ciudad con la construcci\u00f3n de los primeros rascacielos del pa\u00eds.<\/span><\/p>","protected":false},"featured_media":4888,"comment_status":"open","ping_status":"closed","template":"","meta":{"om_disable_all_campaigns":false,"_monsterinsights_skip_tracking":false,"_monsterinsights_sitenote_active":false,"_monsterinsights_sitenote_note":"","_monsterinsights_sitenote_category":0},"product_cat":[63],"product_tag":[53,52,45,55,46,54,51,47,48,49,56,50],"class_list":{"0":"post-4887","1":"product","2":"type-product","3":"status-publish","4":"has-post-thumbnail","6":"product_cat-experiencias-gastronomicas","7":"product_tag-bar","8":"product_tag-bares","9":"product_tag-comida","10":"product_tag-espana","11":"product_tag-madrid","12":"product_tag-restaurante","13":"product_tag-restaurantes","14":"product_tag-tapas","15":"product_tag-tour","16":"product_tag-tours","17":"product_tag-turismo","18":"product_tag-visita","20":"first","21":"instock","22":"shipping-taxable","23":"purchasable","24":"product-type-ovabrw_car_rental"},"aioseo_notices":[],"_links":{"self":[{"href":"http:\/\/spanishtours.es\/pt\/wp-json\/wp\/v2\/product\/4887","targetHints":{"allow":["GET"]}}],"collection":[{"href":"http:\/\/spanishtours.es\/pt\/wp-json\/wp\/v2\/product"}],"about":[{"href":"http:\/\/spanishtours.es\/pt\/wp-json\/wp\/v2\/types\/product"}],"replies":[{"embeddable":true,"href":"http:\/\/spanishtours.es\/pt\/wp-json\/wp\/v2\/comments?post=4887"}],"version-history":[{"count":69,"href":"http:\/\/spanishtours.es\/pt\/wp-json\/wp\/v2\/product\/4887\/revisions"}],"predecessor-version":[{"id":7286,"href":"http:\/\/spanishtours.es\/pt\/wp-json\/wp\/v2\/product\/4887\/revisions\/7286"}],"wp:featuredmedia":[{"embeddable":true,"href":"http:\/\/spanishtours.es\/pt\/wp-json\/wp\/v2\/media\/4888"}],"wp:attachment":[{"href":"http:\/\/spanishtours.es\/pt\/wp-json\/wp\/v2\/media?parent=4887"}],"wp:term":[{"taxonomy":"product_cat","embeddable":true,"href":"http:\/\/spanishtours.es\/pt\/wp-json\/wp\/v2\/product_cat?post=4887"},{"taxonomy":"product_tag","embeddable":true,"href":"http:\/\/spanishtours.es\/pt\/wp-json\/wp\/v2\/product_tag?post=4887"}],"curies":[{"name":"wp","href":"https:\/\/api.w.org\/{rel}","templated":true}]}}