{"id":5161,"date":"2023-02-08T16:25:46","date_gmt":"2023-02-08T16:25:46","guid":{"rendered":"http:\/\/spanishtours.es\/?post_type=product&#038;p=5161"},"modified":"2023-09-13T11:59:03","modified_gmt":"2023-09-13T11:59:03","slug":"el-alternativo-barrio-de-malasana-tapas-y-vermut","status":"publish","type":"product","link":"https:\/\/spanishtours.es\/en\/product\/el-alternativo-barrio-de-malasana-tapas-y-vermut\/","title":{"rendered":"Tapeo en Malasa\u00f1a"},"content":{"rendered":"<div data-elementor-type=\"wp-post\" data-elementor-id=\"5161\" class=\"elementor elementor-5161\">\n\t\t\t\t\t\t<section class=\"elementor-section elementor-top-section elementor-element elementor-element-7bb525b9 elementor-section-boxed elementor-section-height-default elementor-section-height-default\" data-id=\"7bb525b9\" data-element_type=\"section\">\n\t\t\t\t\t\t<div class=\"elementor-container elementor-column-gap-default\">\n\t\t\t\t\t<div class=\"elementor-column elementor-col-100 elementor-top-column elementor-element elementor-element-279895ee\" data-id=\"279895ee\" data-element_type=\"column\">\n\t\t\t<div class=\"elementor-widget-wrap elementor-element-populated\">\n\t\t\t\t\t\t<div class=\"elementor-element elementor-element-1ed348b elementor-widget elementor-widget-text-editor\" data-id=\"1ed348b\" data-element_type=\"widget\" data-widget_type=\"text-editor.default\">\n\t\t\t\t<div class=\"elementor-widget-container\">\n\t\t\t<style>\/*! elementor - v3.19.0 - 29-01-2024 *\/\n.elementor-widget-text-editor.elementor-drop-cap-view-stacked .elementor-drop-cap{background-color:#69727d;color:#fff}.elementor-widget-text-editor.elementor-drop-cap-view-framed .elementor-drop-cap{color:#69727d;border:3px solid;background-color:transparent}.elementor-widget-text-editor:not(.elementor-drop-cap-view-default) .elementor-drop-cap{margin-top:8px}.elementor-widget-text-editor:not(.elementor-drop-cap-view-default) .elementor-drop-cap-letter{width:1em;height:1em}.elementor-widget-text-editor .elementor-drop-cap{float:left;text-align:center;line-height:1;font-size:50px}.elementor-widget-text-editor .elementor-drop-cap-letter{display:inline-block}<\/style>\t\t\t\t\t\t\t\t\t\t<\/div>\n\t\t\t\t<\/div>\n\t\t\t\t<div class=\"elementor-element elementor-element-112a397 elementor-widget elementor-widget-text-editor\" data-id=\"112a397\" data-element_type=\"widget\" data-widget_type=\"text-editor.default\">\n\t\t\t\t<div class=\"elementor-widget-container\">\n\t\t\t\t\t\t\t<p><strong>A tour of the modern Malasa\u00f1a neighborhood<\/strong><\/p><p>\u00a0<\/p><p>The jovial Barrio de Malasa\u00f1a, very central, welcomes us with its typical vermouth bars, restaurants with very different and eclectic proposals and a lively atmosphere.<\/p><p>\u00a0<\/p><p><strong>For the most alternative tourists!<\/strong><\/p>\t\t\t\t\t\t<\/div>\n\t\t\t\t<\/div>\n\t\t\t\t<div class=\"elementor-element elementor-element-f2b8d03 elementor-widget elementor-widget-text-editor\" data-id=\"f2b8d03\" data-element_type=\"widget\" data-widget_type=\"text-editor.default\">\n\t\t\t\t<div class=\"elementor-widget-container\">\n\t\t\t\t\t\t\t\t\t\t\t\t\t<\/div>\n\t\t\t\t<\/div>\n\t\t\t\t\t<\/div>\n\t\t<\/div>\n\t\t\t\t\t<\/div>\n\t\t<\/section>\n\t\t\t\t<\/div>","protected":false},"excerpt":{"rendered":"<div data-v-dfcda204=\"\">El moderno y jovial Barrio de Malasa\u00f1a, muy c\u00e9ntrico, nos recibe con sus t\u00edpicas vermuter\u00edas, restaurantes con propuestas muy diferentes y ecl\u00e9cticas y un animado ambiente.<strong> For the most alternative tourists!<\/strong><\/div>","protected":false},"featured_media":5064,"comment_status":"open","ping_status":"closed","template":"","meta":{"om_disable_all_campaigns":false,"_monsterinsights_skip_tracking":false,"_monsterinsights_sitenote_active":false,"_monsterinsights_sitenote_note":"","_monsterinsights_sitenote_category":0},"product_cat":[63],"product_tag":[53,52,45,55,46,54,51,47,48,49,56,50],"class_list":{"0":"post-5161","1":"product","2":"type-product","3":"status-publish","4":"has-post-thumbnail","6":"product_cat-experiencias-gastronomicas","7":"product_tag-bar","8":"product_tag-bares","9":"product_tag-comida","10":"product_tag-espana","11":"product_tag-madrid","12":"product_tag-restaurante","13":"product_tag-restaurantes","14":"product_tag-tapas","15":"product_tag-tour","16":"product_tag-tours","17":"product_tag-turismo","18":"product_tag-visita","20":"first","21":"instock","22":"shipping-taxable","23":"purchasable","24":"product-type-ovabrw_car_rental"},"aioseo_notices":[],"_links":{"self":[{"href":"https:\/\/spanishtours.es\/en\/wp-json\/wp\/v2\/product\/5161","targetHints":{"allow":["GET"]}}],"collection":[{"href":"https:\/\/spanishtours.es\/en\/wp-json\/wp\/v2\/product"}],"about":[{"href":"https:\/\/spanishtours.es\/en\/wp-json\/wp\/v2\/types\/product"}],"replies":[{"embeddable":true,"href":"https:\/\/spanishtours.es\/en\/wp-json\/wp\/v2\/comments?post=5161"}],"version-history":[{"count":17,"href":"https:\/\/spanishtours.es\/en\/wp-json\/wp\/v2\/product\/5161\/revisions"}],"predecessor-version":[{"id":7287,"href":"https:\/\/spanishtours.es\/en\/wp-json\/wp\/v2\/product\/5161\/revisions\/7287"}],"wp:featuredmedia":[{"embeddable":true,"href":"https:\/\/spanishtours.es\/en\/wp-json\/wp\/v2\/media\/5064"}],"wp:attachment":[{"href":"https:\/\/spanishtours.es\/en\/wp-json\/wp\/v2\/media?parent=5161"}],"wp:term":[{"taxonomy":"product_cat","embeddable":true,"href":"https:\/\/spanishtours.es\/en\/wp-json\/wp\/v2\/product_cat?post=5161"},{"taxonomy":"product_tag","embeddable":true,"href":"https:\/\/spanishtours.es\/en\/wp-json\/wp\/v2\/product_tag?post=5161"}],"curies":[{"name":"wp","href":"https:\/\/api.w.org\/{rel}","templated":true}]}}