{"id":5243,"date":"2023-02-09T17:30:31","date_gmt":"2023-02-09T17:30:31","guid":{"rendered":"http:\/\/spanishtours.es\/?post_type=product&#038;p=5243"},"modified":"2023-06-01T14:22:38","modified_gmt":"2023-06-01T14:22:38","slug":"tapas-en-el-animado-barrio-de-las-letras","status":"publish","type":"product","link":"https:\/\/spanishtours.es\/en\/product\/tapas-en-el-animado-barrio-de-las-letras\/","title":{"rendered":"Literary Quarter | Tapas on a private tour"},"content":{"rendered":"<div data-elementor-type=\"wp-post\" data-elementor-id=\"5243\" class=\"elementor elementor-5243\">\n\t\t\t\t\t\t<section class=\"elementor-section elementor-top-section elementor-element elementor-element-7bb525b9 elementor-section-boxed elementor-section-height-default elementor-section-height-default\" data-id=\"7bb525b9\" data-element_type=\"section\">\n\t\t\t\t\t\t<div class=\"elementor-container elementor-column-gap-default\">\n\t\t\t\t\t<div class=\"elementor-column elementor-col-100 elementor-top-column elementor-element elementor-element-279895ee\" data-id=\"279895ee\" data-element_type=\"column\">\n\t\t\t<div class=\"elementor-widget-wrap elementor-element-populated\">\n\t\t\t\t\t\t<div class=\"elementor-element elementor-element-1ed348b elementor-widget elementor-widget-text-editor\" data-id=\"1ed348b\" data-element_type=\"widget\" data-widget_type=\"text-editor.default\">\n\t\t\t\t<div class=\"elementor-widget-container\">\n\t\t\t<style>\/*! elementor - v3.19.0 - 29-01-2024 *\/\n.elementor-widget-text-editor.elementor-drop-cap-view-stacked .elementor-drop-cap{background-color:#69727d;color:#fff}.elementor-widget-text-editor.elementor-drop-cap-view-framed .elementor-drop-cap{color:#69727d;border:3px solid;background-color:transparent}.elementor-widget-text-editor:not(.elementor-drop-cap-view-default) .elementor-drop-cap{margin-top:8px}.elementor-widget-text-editor:not(.elementor-drop-cap-view-default) .elementor-drop-cap-letter{width:1em;height:1em}.elementor-widget-text-editor .elementor-drop-cap{float:left;text-align:center;line-height:1;font-size:50px}.elementor-widget-text-editor .elementor-drop-cap-letter{display:inline-block}<\/style>\t\t\t\t<p><strong>Vibrante y cultural: Tapas en el Barrio de Las Letras<\/strong><\/p><p>Grandes escritores del siglo XVII como Cervantes, Lope de Vega y Quevedo vivieron en el Barrio de las Letras. Hoy, la escena cultural abarca obras cl\u00e1sicas. La plaza de Santa Ana est\u00e1 repleta de animadas terrazas de caf\u00e9s y cervecer\u00edas, y las calles adoquinadas de los alrededores est\u00e1n repletas de elegantes bistr\u00f3s y boutiques.<\/p><p>Adem\u00e1s, este barrio se encuentra a s\u00f3lo unos pasos de los museos Prado y Thyssen y de la Puerta del Sol.<\/p><p><strong> Un tour imperdible para los amantes de la historia y la literatura<\/strong><\/p>\t\t\t\t\t\t<\/div>\n\t\t\t\t<\/div>\n\t\t\t\t\t<\/div>\n\t\t<\/div>\n\t\t\t\t\t<\/div>\n\t\t<\/section>\n\t\t\t\t<\/div>","protected":false},"excerpt":{"rendered":"<div data-v-dfcda204=\"\">Great writers of the 17th century lived in the Barrio de las Letras. Today, the cultural scene encompasses classic works. Plaza de Santa Ana is lined with lively terrace cafes and beer halls, and the surrounding cobbled streets are lined with chic bistros and boutiques. <strong>A tour of the most typical of Madrid.<\/strong><\/div>","protected":false},"featured_media":4965,"comment_status":"open","ping_status":"closed","template":"","meta":{"om_disable_all_campaigns":false,"_monsterinsights_skip_tracking":false,"_monsterinsights_sitenote_active":false,"_monsterinsights_sitenote_note":"","_monsterinsights_sitenote_category":0},"product_cat":[63],"product_tag":[53,52,45,55,46,54,51,47,48,49,56,50],"class_list":{"0":"post-5243","1":"product","2":"type-product","3":"status-publish","4":"has-post-thumbnail","6":"product_cat-experiencias-gastronomicas","7":"product_tag-bar","8":"product_tag-bares","9":"product_tag-comida","10":"product_tag-espana","11":"product_tag-madrid","12":"product_tag-restaurante","13":"product_tag-restaurantes","14":"product_tag-tapas","15":"product_tag-tour","16":"product_tag-tours","17":"product_tag-turismo","18":"product_tag-visita","20":"first","21":"instock","22":"shipping-taxable","23":"purchasable","24":"product-type-ovabrw_car_rental"},"aioseo_notices":[],"_links":{"self":[{"href":"https:\/\/spanishtours.es\/en\/wp-json\/wp\/v2\/product\/5243","targetHints":{"allow":["GET"]}}],"collection":[{"href":"https:\/\/spanishtours.es\/en\/wp-json\/wp\/v2\/product"}],"about":[{"href":"https:\/\/spanishtours.es\/en\/wp-json\/wp\/v2\/types\/product"}],"replies":[{"embeddable":true,"href":"https:\/\/spanishtours.es\/en\/wp-json\/wp\/v2\/comments?post=5243"}],"version-history":[{"count":20,"href":"https:\/\/spanishtours.es\/en\/wp-json\/wp\/v2\/product\/5243\/revisions"}],"predecessor-version":[{"id":6875,"href":"https:\/\/spanishtours.es\/en\/wp-json\/wp\/v2\/product\/5243\/revisions\/6875"}],"wp:featuredmedia":[{"embeddable":true,"href":"https:\/\/spanishtours.es\/en\/wp-json\/wp\/v2\/media\/4965"}],"wp:attachment":[{"href":"https:\/\/spanishtours.es\/en\/wp-json\/wp\/v2\/media?parent=5243"}],"wp:term":[{"taxonomy":"product_cat","embeddable":true,"href":"https:\/\/spanishtours.es\/en\/wp-json\/wp\/v2\/product_cat?post=5243"},{"taxonomy":"product_tag","embeddable":true,"href":"https:\/\/spanishtours.es\/en\/wp-json\/wp\/v2\/product_tag?post=5243"}],"curies":[{"name":"wp","href":"https:\/\/api.w.org\/{rel}","templated":true}]}}