{"id":7069,"date":"2023-06-01T07:25:36","date_gmt":"2023-06-01T07:25:36","guid":{"rendered":"http:\/\/spanishtours.es\/?post_type=product&#038;p=7069"},"modified":"2023-09-13T12:02:06","modified_gmt":"2023-09-13T12:02:06","slug":"paquete-descubre-madrid-y-lisboa-toledo-y-sintra-incluidos-7-dias","status":"publish","type":"product","link":"https:\/\/spanishtours.es\/en\/product\/paquete-descubre-madrid-y-lisboa-toledo-y-sintra-incluidos-7-dias\/","title":{"rendered":"Descubre Madrid y Lisboa (Toledo y Sintra incluidos) | 7 d\u00edas"},"content":{"rendered":"<div data-elementor-type=\"wp-post\" data-elementor-id=\"7069\" class=\"elementor elementor-7069\">\n\t\t\t\t\t\t<section class=\"elementor-section elementor-top-section elementor-element elementor-element-7bb525b9 elementor-section-boxed elementor-section-height-default elementor-section-height-default\" data-id=\"7bb525b9\" data-element_type=\"section\">\n\t\t\t\t\t\t<div class=\"elementor-container elementor-column-gap-default\">\n\t\t\t\t\t<div class=\"elementor-column elementor-col-100 elementor-top-column elementor-element elementor-element-279895ee\" data-id=\"279895ee\" data-element_type=\"column\">\n\t\t\t<div class=\"elementor-widget-wrap elementor-element-populated\">\n\t\t\t\t\t\t<div class=\"elementor-element elementor-element-1ed348b elementor-widget elementor-widget-text-editor\" data-id=\"1ed348b\" data-element_type=\"widget\" data-widget_type=\"text-editor.default\">\n\t\t\t\t<div class=\"elementor-widget-container\">\n\t\t\t<style>\/*! elementor - v3.19.0 - 29-01-2024 *\/\n.elementor-widget-text-editor.elementor-drop-cap-view-stacked .elementor-drop-cap{background-color:#69727d;color:#fff}.elementor-widget-text-editor.elementor-drop-cap-view-framed .elementor-drop-cap{color:#69727d;border:3px solid;background-color:transparent}.elementor-widget-text-editor:not(.elementor-drop-cap-view-default) .elementor-drop-cap{margin-top:8px}.elementor-widget-text-editor:not(.elementor-drop-cap-view-default) .elementor-drop-cap-letter{width:1em;height:1em}.elementor-widget-text-editor .elementor-drop-cap{float:left;text-align:center;line-height:1;font-size:50px}.elementor-widget-text-editor .elementor-drop-cap-letter{display:inline-block}<\/style>\t\t\t\t<div data-v-dfcda204=\"\"><strong>Tour de 7 d\u00edas en Madrid y Lisboa<\/strong><\/div>\n<div data-v-dfcda204=\"\">&nbsp;<\/div>\n<div data-v-dfcda204=\"\">\n<p>4 d\u00edas en Madrid y 3 d\u00edas en Lisboa. Precio por persona<\/p>\n<p><\/p>\n<p><b>Un paquete con sorpresas \u00fanicas, tours y traslados privados, comidas t\u00edpicas y recorridos fuera de las rutas convencionales de turismo, con tiempo libre para el ocio y las compras en ambas ciudades.<\/b><\/p>\n<\/div>\n<div data-v-dfcda204=\"\">&nbsp;<\/div>\n<div data-v-dfcda204=\"\"><strong>Itinerary:<\/strong><\/div>\n<div data-v-dfcda204=\"\">&nbsp;<\/div>\n<div data-v-dfcda204=\"\"><strong>Madrid:<\/strong><\/div>\n<div data-v-dfcda204=\"\">Day 1: Transfer from the airport to the hotel in Madrid. Typical tapas tour in Gran V\u00eda. Includes 5 tapas, guided and 3 drinks.<\/div>\n<div data-v-dfcda204=\"\">Day 2: City tour in the center of Madrid, includes guidance in Plaza Mayor, Gran V\u00eda, Plaza Espa\u00f1a, Puerta del Sol, Puerta de Alcal\u00e1.<\/div>\n<div data-v-dfcda204=\"\">Day 3: Day tour to Toledo: includes transfers in exclusive units, private city tour, food, drinks and return.<\/div>\n<div data-v-dfcda204=\"\">Day 4: free morning and transfer to Barajas airport.<\/div>\n<div data-v-dfcda204=\"\"><strong>Lisbon:<\/strong><\/div>\n<div data-v-dfcda204=\"\">Day 5: city tour to the center of Lisbon with a private guide.&nbsp;<\/div>\n<div data-v-dfcda204=\"\">Day 6: Day tour to Sintra, includes meals, drinks, exclusive transfer and private guide.<\/div>\n<div data-v-dfcda204=\"\">Day 7: free morning and transfer to the airport.&nbsp;<\/div>\n<div data-v-dfcda204=\"\">&nbsp;<\/div>\n<div data-v-dfcda204=\"\">Se incluye alojamiento en habitaciones dobles (dos adultos compartiendo en una habitaci\u00f3n) para las 7 noches y las 4 personas en hotel 4* o similar, con o sin desayuno, dependiendo del hotel escogido y presupuesto aprobado por el cliente. Incluye las comidas y bebidas especificadas en los tours, que puede ser a escoger entre vino, cerveza o refrescos. Incluye los traslados que se especifiquen. Souvenir, mapas, gu\u00edas impresas, asesoramiento. Se puede emitir documentos para solicitar la visa de turismo a Espa\u00f1a.<\/div>\n<p>Contact WhatsApp: +34658746496&nbsp;<\/p>\n<p>Email: info@spanishtours.es<\/p>\n<div data-v-dfcda204=\"\">&nbsp;<\/div>\t\t\t\t\t\t<\/div>\n\t\t\t\t<\/div>\n\t\t\t\t<div class=\"elementor-element elementor-element-a68a23e elementor-widget elementor-widget-text-editor\" data-id=\"a68a23e\" data-element_type=\"widget\" data-widget_type=\"text-editor.default\">\n\t\t\t\t<div class=\"elementor-widget-container\">\n\t\t\t\t\t\t\t\t\t\t\t\t\t<\/div>\n\t\t\t\t<\/div>\n\t\t\t\t\t<\/div>\n\t\t<\/div>\n\t\t\t\t\t<\/div>\n\t\t<\/section>\n\t\t\t\t<\/div>","protected":false},"excerpt":{"rendered":"<div data-v-dfcda204=\"\"><b>paquete de 7 d\u00edas Madrid y Lisboa<\/b><\/div>\n<div data-v-dfcda204=\"\">\n<p>&nbsp;<\/p>\n<\/div>","protected":false},"featured_media":5008,"comment_status":"open","ping_status":"closed","template":"","meta":{"om_disable_all_campaigns":false,"_monsterinsights_skip_tracking":false,"_monsterinsights_sitenote_active":false,"_monsterinsights_sitenote_note":"","_monsterinsights_sitenote_category":0},"product_cat":[61,62],"product_tag":[53,52,45,55,46,54,51,47,48,49,56,50],"class_list":{"0":"post-7069","1":"product","2":"type-product","3":"status-publish","4":"has-post-thumbnail","6":"product_cat-eventos-especiales","7":"product_cat-ferias-y-congresos","8":"product_tag-bar","9":"product_tag-bares","10":"product_tag-comida","11":"product_tag-espana","12":"product_tag-madrid","13":"product_tag-restaurante","14":"product_tag-restaurantes","15":"product_tag-tapas","16":"product_tag-tour","17":"product_tag-tours","18":"product_tag-turismo","19":"product_tag-visita","21":"first","22":"instock","23":"shipping-taxable","24":"purchasable","25":"product-type-ovabrw_car_rental"},"aioseo_notices":[],"_links":{"self":[{"href":"https:\/\/spanishtours.es\/en\/wp-json\/wp\/v2\/product\/7069","targetHints":{"allow":["GET"]}}],"collection":[{"href":"https:\/\/spanishtours.es\/en\/wp-json\/wp\/v2\/product"}],"about":[{"href":"https:\/\/spanishtours.es\/en\/wp-json\/wp\/v2\/types\/product"}],"replies":[{"embeddable":true,"href":"https:\/\/spanishtours.es\/en\/wp-json\/wp\/v2\/comments?post=7069"}],"version-history":[{"count":9,"href":"https:\/\/spanishtours.es\/en\/wp-json\/wp\/v2\/product\/7069\/revisions"}],"predecessor-version":[{"id":7289,"href":"https:\/\/spanishtours.es\/en\/wp-json\/wp\/v2\/product\/7069\/revisions\/7289"}],"wp:featuredmedia":[{"embeddable":true,"href":"https:\/\/spanishtours.es\/en\/wp-json\/wp\/v2\/media\/5008"}],"wp:attachment":[{"href":"https:\/\/spanishtours.es\/en\/wp-json\/wp\/v2\/media?parent=7069"}],"wp:term":[{"taxonomy":"product_cat","embeddable":true,"href":"https:\/\/spanishtours.es\/en\/wp-json\/wp\/v2\/product_cat?post=7069"},{"taxonomy":"product_tag","embeddable":true,"href":"https:\/\/spanishtours.es\/en\/wp-json\/wp\/v2\/product_tag?post=7069"}],"curies":[{"name":"wp","href":"https:\/\/api.w.org\/{rel}","templated":true}]}}