{"id":7367,"date":"2024-04-08T12:49:56","date_gmt":"2024-04-08T12:49:56","guid":{"rendered":"https:\/\/spanishtours.es\/?post_type=product&#038;p=7367"},"modified":"2024-05-17T17:40:43","modified_gmt":"2024-05-17T17:40:43","slug":"bungalow-en-denia-en-urbanizacion-a-pie-de-playa","status":"publish","type":"product","link":"https:\/\/spanishtours.es\/en\/product\/bungalow-en-denia-en-urbanizacion-a-pie-de-playa\/","title":{"rendered":"Bungalow en Denia en urbanizaci\u00f3n a pie de playa"},"content":{"rendered":"<p>Descubre este encantador bungalow de tres habitaciones en Les Marines, Denia, situado en una urbanizaci\u00f3n con varias piscinas y acceso directo a la playa. A pocos pasos de distancia, encontrar\u00e1s supermercados, restaurantes y chiringuitos de verano.<\/p>\n<p>Las tres habitaciones de este bungalow de 70 metros cuadrados est\u00e1n totalmente equipadas para tu comodidad, con ventiladores para refrescar el ambiente. La cocina cuenta con todo el menaje necesario, adem\u00e1s de horno, vitrocer\u00e1mica, microondas, lavavajillas y una cafetera Nespresso (la de c\u00e1psulas grandes). El sal\u00f3n dispone de aire acondicionado, televisi\u00f3n, un comedor para seis personas y un sof\u00e1 cama adicional si lo necesitas. Desde la terraza, podr\u00e1s disfrutar de las vistas a las \u00e1reas comunes mientras te relajas en un c\u00f3modo sof\u00e1.<\/p>\n<p>Este es el lugar perfecto para los amantes del sol y la playa, as\u00ed como para familias. Aunque la capacidad m\u00e1xima es de seis personas, el bungalow puede alojar hasta siete, con una persona durmiendo en el sof\u00e1 cama del sal\u00f3n.<\/p>\n<p>La habitaci\u00f3n principal cuenta con una cama matrimonial, mientras que otra habitaci\u00f3n tiene una litera y la tercera dispone de dos camas individuales.<\/p>\n<p>Denia es una ciudad llena de vida, con una amplia selecci\u00f3n de restaurantes que se adaptan a todos los presupuestos. Adem\u00e1s, ofrece un impresionante castillo con vistas panor\u00e1micas, un puerto deportivo y kil\u00f3metros de playas extensas. A menos de media hora en coche, encontrar\u00e1s calas paradis\u00edacas y numerosas opciones para practicar senderismo y disfrutar del turismo cultural y gastron\u00f3mico del levante espa\u00f1ol.<\/p>\n<p>Una plaza de aparcamiento al frente del Bungalow incluida\u00a0 (dentro de la urbanizaci\u00f3n).<\/p>\n<p>Para reservas, puedes llamarnos o escribirnos al Whatsatpp +34658746496. Disponible por noches sueltas, semanas o quincenas. \u00a1Cons\u00faltanos la disponibilidad para este verano 2024!<\/p>","protected":false},"excerpt":{"rendered":"<div class=\"wpforms-container wpforms-container-full wpforms-container-save-resume wpforms-render-modern\" id=\"wpforms-7408\">\n<form id=\"wpforms-form-7408\" class=\"wpforms-validate wpforms-form wpforms-ajax-form\" data-formid=\"7408\" method=\"post\" enctype=\"multipart\/form-data\" action=\"\/en\/wp-json\/wp\/v2\/product\/7367\" data-token=\"6c00791a6ca793f36f28223a7ab07c87\" data-trp-original-action=\"\/en\/wp-json\/wp\/v2\/product\/7367\"><noscript class=\"wpforms-error-noscript\">Please enable JavaScript in your browser to complete this form.<\/noscript><\/p>\n<div class=\"wpforms-hidden\" id=\"wpforms-error-noscript\">Please enable JavaScript in your browser to complete this form.<\/div>\n<div class=\"wpforms-field-container\">\n<div id=\"wpforms-7408-field_2-container\" class=\"wpforms-field wpforms-field-name\" data-field-id=\"2\"><label class=\"wpforms-field-label\" for=\"wpforms-7408-field_2\">Nombre <span class=\"wpforms-required-label\" aria-hidden=\"true\">*<\/span><\/label><input type=\"text\" id=\"wpforms-7408-field_2\" class=\"wpforms-field-large wpforms-field-required\" name=\"wpforms[fields][2]\" aria-errormessage=\"wpforms-7408-field_2-error\" required><\/div>\n<div id=\"wpforms-7408-field_5-container\" class=\"wpforms-field wpforms-field-email\" data-field-id=\"5\"><label class=\"wpforms-field-label\" for=\"wpforms-7408-field_5\">E-mail<\/label><input type=\"email\" id=\"wpforms-7408-field_5\" class=\"wpforms-field-large\" name=\"wpforms[fields][5]\" spellcheck=\"false\" aria-errormessage=\"wpforms-7408-field_5-error\" ><\/div>\n<div id=\"wpforms-7408-field_6-container\" class=\"wpforms-field wpforms-field-phone\" data-field-id=\"6\"><label class=\"wpforms-field-label\" for=\"wpforms-7408-field_6\">Phone<\/label><input type=\"tel\" id=\"wpforms-7408-field_6\" class=\"wpforms-field-large wpforms-smart-phone-field\" data-rule-smart-phone-field=\"true\" name=\"wpforms[fields][6]\" aria-errormessage=\"wpforms-7408-field_6-error\" ><\/div>\n<div id=\"wpforms-7408-field_7-container\" class=\"wpforms-field wpforms-field-date-time\" data-field-id=\"7\"><label class=\"wpforms-field-label\" for=\"wpforms-7408-field_7\">Disponibilidad de Fecha <span class=\"wpforms-required-label\" aria-hidden=\"true\">*<\/span><\/label><\/p>\n<div class=\"wpforms-datepicker-wrap\"><input type=\"text\" id=\"wpforms-7408-field_7\" class=\"wpforms-field-date-time-date wpforms-datepicker wpforms-field-required wpforms-field-large\" data-date-format=\"m\/d\/Y\" data-disable-past-dates=\"0\" data-input=\"true\" name=\"wpforms[fields][7][date]\" aria-errormessage=\"wpforms-7408-field_7-error\" required><a title=\"Clear Date\" data-clear class=\"wpforms-datepicker-clear\" style=\"display:none;\"><\/a><\/div>\n<\/div>\n<div id=\"wpforms-7408-field_10-container\" class=\"wpforms-field wpforms-field-number\" data-field-id=\"10\"><label class=\"wpforms-field-label\" for=\"wpforms-7408-field_10\">N\u00famero de Personas Aproximado<\/label><input type=\"number\" pattern=\"\\d*\" id=\"wpforms-7408-field_10\" class=\"wpforms-field-large\" name=\"wpforms[fields][10]\" aria-errormessage=\"wpforms-7408-field_10-error\" ><\/div>\n<div id=\"wpforms-7408-field_3-container\" class=\"wpforms-field wpforms-field-textarea\" data-field-id=\"3\"><label class=\"wpforms-field-label\" for=\"wpforms-7408-field_3\">Informaci\u00f3n Adicional <span class=\"wpforms-required-label\" aria-hidden=\"true\">*<\/span><\/label><textarea id=\"wpforms-7408-field_3\" class=\"wpforms-field-medium wpforms-field-required\" name=\"wpforms[fields][3]\" aria-errormessage=\"wpforms-7408-field_3-error\" required><\/textarea><\/div>\n<\/div>\n<p><!-- .wpforms-field-container --><\/p>\n<div class=\"wpforms-submit-container\" ><input type=\"hidden\" name=\"wpforms[id]\" value=\"7408\"><input type=\"hidden\" name=\"wpforms[author]\" value=\"2\"><button type=\"submit\" name=\"wpforms[submit]\" id=\"wpforms-submit-7408\" class=\"wpforms-submit\" data-alt-text=\"Enviando...\" data-submit-text=\"Enviar\" aria-live=\"assertive\" value=\"wpforms-submit\">Enviar<\/button><img decoding=\"async\" src=\"https:\/\/spanishtours.es\/wp-content\/plugins\/wpforms\/assets\/images\/submit-spin.svg\" class=\"wpforms-submit-spinner\" style=\"display: none;\" width=\"26\" height=\"26\" alt=\"Loading\"><\/div>\n<input type=\"hidden\" name=\"trp-form-language\" value=\"en\"\/><\/form>\n<\/div>\n<p>  <!-- .wpforms-container --><\/p>","protected":false},"featured_media":7372,"comment_status":"closed","ping_status":"closed","template":"","meta":{"om_disable_all_campaigns":false,"_monsterinsights_skip_tracking":false,"_monsterinsights_sitenote_active":false,"_monsterinsights_sitenote_note":"","_monsterinsights_sitenote_category":0},"product_cat":[61,64],"product_tag":[],"class_list":{"0":"post-7367","1":"product","2":"type-product","3":"status-publish","4":"has-post-thumbnail","6":"product_cat-eventos-especiales","7":"product_cat-grupos","9":"first","10":"instock","11":"shipping-taxable","12":"product-type-simple"},"aioseo_notices":[],"_links":{"self":[{"href":"https:\/\/spanishtours.es\/en\/wp-json\/wp\/v2\/product\/7367","targetHints":{"allow":["GET"]}}],"collection":[{"href":"https:\/\/spanishtours.es\/en\/wp-json\/wp\/v2\/product"}],"about":[{"href":"https:\/\/spanishtours.es\/en\/wp-json\/wp\/v2\/types\/product"}],"replies":[{"embeddable":true,"href":"https:\/\/spanishtours.es\/en\/wp-json\/wp\/v2\/comments?post=7367"}],"version-history":[{"count":7,"href":"https:\/\/spanishtours.es\/en\/wp-json\/wp\/v2\/product\/7367\/revisions"}],"predecessor-version":[{"id":7382,"href":"https:\/\/spanishtours.es\/en\/wp-json\/wp\/v2\/product\/7367\/revisions\/7382"}],"wp:featuredmedia":[{"embeddable":true,"href":"https:\/\/spanishtours.es\/en\/wp-json\/wp\/v2\/media\/7372"}],"wp:attachment":[{"href":"https:\/\/spanishtours.es\/en\/wp-json\/wp\/v2\/media?parent=7367"}],"wp:term":[{"taxonomy":"product_cat","embeddable":true,"href":"https:\/\/spanishtours.es\/en\/wp-json\/wp\/v2\/product_cat?post=7367"},{"taxonomy":"product_tag","embeddable":true,"href":"https:\/\/spanishtours.es\/en\/wp-json\/wp\/v2\/product_tag?post=7367"}],"curies":[{"name":"wp","href":"https:\/\/api.w.org\/{rel}","templated":true}]}}