{"id":1185,"date":"2022-07-07T04:36:44","date_gmt":"2022-07-07T04:36:44","guid":{"rendered":"https:\/\/demo.ovatheme.com\/tripgo\/?page_id=1185"},"modified":"2023-03-01T16:34:34","modified_gmt":"2023-03-01T16:34:34","slug":"nosotros","status":"publish","type":"page","link":"https:\/\/spanishtours.es\/pt\/nosotros\/","title":{"rendered":"N\u00f3s"},"content":{"rendered":"<div data-elementor-type=\"wp-page\" data-elementor-id=\"1185\" class=\"elementor elementor-1185\">\n\t\t\t\t\t\t<section class=\"elementor-section elementor-top-section elementor-element elementor-element-b7df894 elementor-section-boxed elementor-section-height-default elementor-section-height-default\" data-id=\"b7df894\" data-element_type=\"section\" data-settings=\"{&quot;background_background&quot;:&quot;classic&quot;}\">\n\t\t\t\t\t\t<div class=\"elementor-container elementor-column-gap-no\">\n\t\t\t\t\t<div class=\"elementor-column elementor-col-50 elementor-top-column elementor-element elementor-element-e8ca6c7 elementor-invisible\" data-id=\"e8ca6c7\" data-element_type=\"column\" data-settings=\"{&quot;animation&quot;:&quot;ova-move-right&quot;,&quot;animation_tablet&quot;:&quot;none&quot;}\">\n\t\t\t<div class=\"elementor-widget-wrap elementor-element-populated\">\n\t\t\t\t\t\t<div class=\"elementor-element elementor-element-c48840b elementor-widget elementor-widget-image\" data-id=\"c48840b\" data-element_type=\"widget\" data-widget_type=\"image.default\">\n\t\t\t\t<div class=\"elementor-widget-container\">\n\t\t\t<style>\/*! elementor - v3.19.0 - 29-01-2024 *\/\n.elementor-widget-image{text-align:center}.elementor-widget-image a{display:inline-block}.elementor-widget-image a img[src$=\".svg\"]{width:48px}.elementor-widget-image img{vertical-align:middle;display:inline-block}<\/style>\t\t\t\t\t\t\t\t\t\t<img decoding=\"async\" width=\"101\" height=\"125\" src=\"https:\/\/spanishtours.es\/wp-content\/uploads\/2022\/07\/dial.png\" class=\"attachment-large size-large wp-image-2195\" alt=\"\" \/>\t\t\t\t\t\t\t\t\t\t\t\t\t<\/div>\n\t\t\t\t<\/div>\n\t\t\t\t<div class=\"elementor-element elementor-element-4ed1a3a elementor-widget elementor-widget-tripgo_elementor_heading\" data-id=\"4ed1a3a\" data-element_type=\"widget\" data-widget_type=\"tripgo_elementor_heading.default\">\n\t\t\t\t<div class=\"elementor-widget-container\">\n\t\t\t\t\t<div class=\"ova-title\">\n\n\t\t\t\t\t\t\t<h3 class=\"sub-title\">Bem-vindo a uma experi\u00eancia m\u00e1gica<\/h3>\n\t\t\t\n\t\t\t\t\t\t\t\n\t\t\t\t\t\t\t<h2 class=\"title\">\n\t\t\t\t\t\t\t\t \n\t\t\t\t\t\t\t\tSobre n\u00f3s\n\t\t\t\t\t\t\t<\/h2>\n\t\t\t\t\t\t\t\n\t\t\t\n\t\t<\/div> \n\t\t \t\n\t\t\t\t<\/div>\n\t\t\t\t<\/div>\n\t\t\t\t<section class=\"elementor-section elementor-inner-section elementor-element elementor-element-651c821 elementor-section-boxed elementor-section-height-default elementor-section-height-default\" data-id=\"651c821\" data-element_type=\"section\">\n\t\t\t\t\t\t<div class=\"elementor-container elementor-column-gap-no\">\n\t\t\t\t\t<div class=\"elementor-column elementor-col-66 elementor-inner-column elementor-element elementor-element-88cd609\" data-id=\"88cd609\" data-element_type=\"column\">\n\t\t\t<div class=\"elementor-widget-wrap elementor-element-populated\">\n\t\t\t\t\t\t<div class=\"elementor-element elementor-element-51bc3ea elementor-widget elementor-widget-text-editor\" data-id=\"51bc3ea\" data-element_type=\"widget\" data-widget_type=\"text-editor.default\">\n\t\t\t\t<div class=\"elementor-widget-container\">\n\t\t\t<style>\/*! elementor - v3.19.0 - 29-01-2024 *\/\n.elementor-widget-text-editor.elementor-drop-cap-view-stacked .elementor-drop-cap{background-color:#69727d;color:#fff}.elementor-widget-text-editor.elementor-drop-cap-view-framed .elementor-drop-cap{color:#69727d;border:3px solid;background-color:transparent}.elementor-widget-text-editor:not(.elementor-drop-cap-view-default) .elementor-drop-cap{margin-top:8px}.elementor-widget-text-editor:not(.elementor-drop-cap-view-default) .elementor-drop-cap-letter{width:1em;height:1em}.elementor-widget-text-editor .elementor-drop-cap{float:left;text-align:center;line-height:1;font-size:50px}.elementor-widget-text-editor .elementor-drop-cap-letter{display:inline-block}<\/style>\t\t\t\t<p><span class=\"S1PPyQ\">O fator surpresa faz parte do nosso DNA. Organizamos eventos e passeios para grupos com a melhor sele\u00e7\u00e3o de hot\u00e9is, transfers em unidades de luxo e passeios de tapas, refei\u00e7\u00f5es, degusta\u00e7\u00f5es e atividades em locais \u00fanicos.\u00a0<\/span><\/p>\t\t\t\t\t\t<\/div>\n\t\t\t\t<\/div>\n\t\t\t\t<div class=\"elementor-element elementor-element-0ee1449 elementor-widget elementor-widget-text-editor\" data-id=\"0ee1449\" data-element_type=\"widget\" data-widget_type=\"text-editor.default\">\n\t\t\t\t<div class=\"elementor-widget-container\">\n\t\t\t\t\t\t\t<p>Nos \u00faltimos anos organizei eventos e tours para clientes hispano-americanos, angl\u00f3fonos e lus\u00f3fonos, com \u00eanfase em turismo receptivo e grupos (turismo MICE).<\/p>\n<p>Agora com a Spanish Tours vou um n\u00edvel al\u00e9m, oferecendo experi\u00eancias imersivas, tendo a gastronomia como ponto central rodeado por uma equipa de trabalho excecional.<\/p>\n<p><span class=\"S1PPyQ\">Se quiser saber mais sobre mim e sobre os passeios espanh\u00f3is, o que podemos organizar para voc\u00ea ou apenas tomar uma tapa e vinho conosco, escreva para: <strong>anapaula@spanishtours.es<\/strong><\/span><\/p><p><span class=\"S1PPyQ\"><strong><br><\/strong><\/span><\/p>\n<p><span class=\"S1PPyQ\"><strong>Whatsapp: +34658746496<\/strong><\/span><\/p>\t\t\t\t\t\t<\/div>\n\t\t\t\t<\/div>\n\t\t\t\t<div class=\"elementor-element elementor-element-98c8d4d elementor-view-default elementor-widget elementor-widget-icon\" data-id=\"98c8d4d\" data-element_type=\"widget\" data-widget_type=\"icon.default\">\n\t\t\t\t<div class=\"elementor-widget-container\">\n\t\t\t\t\t<div class=\"elementor-icon-wrapper\">\n\t\t\t<a class=\"elementor-icon\" href=\"https:\/\/www.facebook.com\/larutadeanapau\">\n\t\t\t<i aria-hidden=\"true\" class=\"fab fa-facebook-f\"><\/i>\t\t\t<\/a>\n\t\t<\/div>\n\t\t\t\t<\/div>\n\t\t\t\t<\/div>\n\t\t\t\t\t<\/div>\n\t\t<\/div>\n\t\t\t\t<div class=\"elementor-column elementor-col-33 elementor-inner-column elementor-element elementor-element-3a060ba\" data-id=\"3a060ba\" data-element_type=\"column\">\n\t\t\t<div class=\"elementor-widget-wrap elementor-element-populated\">\n\t\t\t\t\t\t<div class=\"elementor-element elementor-element-def03d9 elementor-position-left elementor-view-default elementor-mobile-position-top elementor-vertical-align-top elementor-widget elementor-widget-icon-box\" data-id=\"def03d9\" data-element_type=\"widget\" data-widget_type=\"icon-box.default\">\n\t\t\t\t<div class=\"elementor-widget-container\">\n\t\t\t<link rel=\"stylesheet\" href=\"https:\/\/spanishtours.es\/wp-content\/plugins\/elementor\/assets\/css\/widget-icon-box.min.css\">\t\t<div class=\"elementor-icon-box-wrapper\">\n\t\t\t\t\t\t<div class=\"elementor-icon-box-icon\">\n\t\t\t\t<span  class=\"elementor-icon elementor-animation-\">\n\t\t\t\t<i aria-hidden=\"true\" class=\"icomoon icomoon-reliable\"><\/i>\t\t\t\t<\/span>\n\t\t\t<\/div>\n\t\t\t\t\t\t<div class=\"elementor-icon-box-content\">\n\t\t\t\t<h6 class=\"elementor-icon-box-title\">\n\t\t\t\t\t<span  >\n\t\t\t\t\t\texperi\u00eancias garantidas\t\t\t\t\t<\/span>\n\t\t\t\t<\/h6>\n\t\t\t\t\t\t\t\t\t<p class=\"elementor-icon-box-description\">\n\t\t\t\t\t\tSelo de qualidade garante uma experi\u00eancia \u00fanica e memor\u00e1vel.\t\t\t\t\t<\/p>\n\t\t\t\t\t\t\t<\/div>\n\t\t<\/div>\n\t\t\t\t<\/div>\n\t\t\t\t<\/div>\n\t\t\t\t<div class=\"elementor-element elementor-element-28b4169 elementor-position-left elementor-view-default elementor-mobile-position-top elementor-vertical-align-top elementor-widget elementor-widget-icon-box\" data-id=\"28b4169\" data-element_type=\"widget\" data-widget_type=\"icon-box.default\">\n\t\t\t\t<div class=\"elementor-widget-container\">\n\t\t\t\t\t<div class=\"elementor-icon-box-wrapper\">\n\t\t\t\t\t\t<div class=\"elementor-icon-box-icon\">\n\t\t\t\t<span  class=\"elementor-icon elementor-animation-\">\n\t\t\t\t<i aria-hidden=\"true\" class=\"icomoon icomoon-experienced\"><\/i>\t\t\t\t<\/span>\n\t\t\t<\/div>\n\t\t\t\t\t\t<div class=\"elementor-icon-box-content\">\n\t\t\t\t<h6 class=\"elementor-icon-box-title\">\n\t\t\t\t\t<span  >\n\t\t\t\t\t\tA seguran\u00e7a \u00e9 a nossa prioridade\t\t\t\t\t<\/span>\n\t\t\t\t<\/h6>\n\t\t\t\t\t\t\t\t\t<p class=\"elementor-icon-box-description\">\n\t\t\t\t\t\tGarantimos uma experi\u00eancia segura e sem preocupa\u00e7\u00f5es.\t\t\t\t\t<\/p>\n\t\t\t\t\t\t\t<\/div>\n\t\t<\/div>\n\t\t\t\t<\/div>\n\t\t\t\t<\/div>\n\t\t\t\t\t<\/div>\n\t\t<\/div>\n\t\t\t\t\t<\/div>\n\t\t<\/section>\n\t\t\t\t\t<\/div>\n\t\t<\/div>\n\t\t\t\t<div class=\"elementor-column elementor-col-50 elementor-top-column elementor-element elementor-element-f012ac5\" data-id=\"f012ac5\" data-element_type=\"column\">\n\t\t\t<div class=\"elementor-widget-wrap elementor-element-populated\">\n\t\t\t\t\t\t<div class=\"elementor-element elementor-element-14cfd98 elementor-widget__width-auto elementor-absolute animated-fast elementor-invisible elementor-widget elementor-widget-tripgo_elementor_counter\" data-id=\"14cfd98\" data-element_type=\"widget\" data-settings=\"{&quot;_position&quot;:&quot;absolute&quot;,&quot;_animation&quot;:&quot;ova-scale-up&quot;,&quot;_animation_tablet&quot;:&quot;none&quot;}\" data-widget_type=\"tripgo_elementor_counter.default\">\n\t\t\t\t<div class=\"elementor-widget-container\">\n\t\t\t           \n           <div class=\"ova-counter\" data-count=\"563\">\n                \n\t            \t            \t<div class=\"icon-wrapper\">\n\t            \t\t<div class=\"icon\">\n\t\t\t\t\t\t\t<i class=\"far fa-heart\"><\/i>\n\t\t\t\t\t\t<\/div>\n\t            \t<\/div>\n\t\t\t\t\t            \n                <div class=\"odometer-wrapper\">\n\t\t\t\t\t<span class=\"odometer\">0<\/span>\n\t\t\t\t\t<span class=\"suffix\">\n\t\t\t\t\t\t+\t\t\t        <\/span>\n\t\t\t    <\/div>\n\t\t\t\t\n\t      \t     \t\t\t\t\t<h4 class=\"title\">\n\t\t\t\t\t\tclientes felizes\t\t\t\t\t<\/h4>\n\t\t\t\t\n           <\/div>\n\t\t \t\n\t\t\t\t<\/div>\n\t\t\t\t<\/div>\n\t\t\t\t<div class=\"elementor-element elementor-element-2ef6c1f elementor-invisible elementor-widget elementor-widget-image\" data-id=\"2ef6c1f\" data-element_type=\"widget\" data-settings=\"{&quot;_animation&quot;:&quot;ova-move-up&quot;,&quot;_animation_tablet&quot;:&quot;none&quot;}\" data-widget_type=\"image.default\">\n\t\t\t\t<div class=\"elementor-widget-container\">\n\t\t\t\t\t\t\t\t\t\t\t\t\t<img fetchpriority=\"high\" decoding=\"async\" width=\"1199\" height=\"828\" src=\"https:\/\/spanishtours.es\/wp-content\/uploads\/2023\/02\/paula-2.jpg\" class=\"attachment-full size-full wp-image-5626\" alt=\"\" srcset=\"https:\/\/spanishtours.es\/wp-content\/uploads\/2023\/02\/paula-2.jpg 1199w, https:\/\/spanishtours.es\/wp-content\/uploads\/2023\/02\/paula-2-300x207.jpg 300w, https:\/\/spanishtours.es\/wp-content\/uploads\/2023\/02\/paula-2-1024x707.jpg 1024w, https:\/\/spanishtours.es\/wp-content\/uploads\/2023\/02\/paula-2-768x530.jpg 768w, https:\/\/spanishtours.es\/wp-content\/uploads\/2023\/02\/paula-2-18x12.jpg 18w, https:\/\/spanishtours.es\/wp-content\/uploads\/2023\/02\/paula-2-600x414.jpg 600w\" sizes=\"(max-width: 1199px) 100vw, 1199px\" \/>\t\t\t\t\t\t\t\t\t\t\t\t\t<\/div>\n\t\t\t\t<\/div>\n\t\t\t\t\t<\/div>\n\t\t<\/div>\n\t\t\t\t\t<\/div>\n\t\t<\/section>\n\t\t\t\t<section class=\"elementor-section elementor-top-section elementor-element elementor-element-c817ee4 elementor-section-boxed elementor-section-height-default elementor-section-height-default\" data-id=\"c817ee4\" data-element_type=\"section\" data-settings=\"{&quot;background_background&quot;:&quot;classic&quot;}\">\n\t\t\t\t\t\t\t<div class=\"elementor-background-overlay\"><\/div>\n\t\t\t\t\t\t\t<div class=\"elementor-container elementor-column-gap-default\">\n\t\t\t\t\t<div class=\"elementor-column elementor-col-100 elementor-top-column elementor-element elementor-element-3d8cbf3 animated-fast elementor-invisible\" data-id=\"3d8cbf3\" data-element_type=\"column\" data-settings=\"{&quot;animation&quot;:&quot;fadeInUp&quot;,&quot;animation_tablet&quot;:&quot;none&quot;}\">\n\t\t\t<div class=\"elementor-widget-wrap elementor-element-populated\">\n\t\t\t\t\t\t<div class=\"elementor-element elementor-element-969e1ec elementor-widget__width-auto elementor-widget-mobile__width-inherit elementor-widget elementor-widget-tripgo_elementor_counter\" data-id=\"969e1ec\" data-element_type=\"widget\" data-widget_type=\"tripgo_elementor_counter.default\">\n\t\t\t\t<div class=\"elementor-widget-container\">\n\t\t\t           \n           <div class=\"ova-counter\" data-count=\"560\">\n                \n\t            \t            \t<div class=\"icon-wrapper\">\n\t            \t\t<div class=\"icon\">\n\t\t\t\t\t\t\t<i class=\"icomoon icomoon-profile-2user\"><\/i>\n\t\t\t\t\t\t<\/div>\n\t            \t<\/div>\n\t\t\t\t\t            \n                <div class=\"odometer-wrapper\">\n\t\t\t\t\t<span class=\"odometer\">0<\/span>\n\t\t\t\t\t<span class=\"suffix\">\n\t\t\t\t\t\t\t\t\t        <\/span>\n\t\t\t    <\/div>\n\t\t\t\t\n\t      \t     \t\t\t\t\t<h4 class=\"title\">\n\t\t\t\t\t\tViajantes\t\t\t\t\t<\/h4>\n\t\t\t\t\n           <\/div>\n\t\t \t\n\t\t\t\t<\/div>\n\t\t\t\t<\/div>\n\t\t\t\t<div class=\"elementor-element elementor-element-a991280 elementor-widget__width-auto elementor-widget-mobile__width-inherit elementor-widget elementor-widget-tripgo_elementor_counter\" data-id=\"a991280\" data-element_type=\"widget\" data-widget_type=\"tripgo_elementor_counter.default\">\n\t\t\t\t<div class=\"elementor-widget-container\">\n\t\t\t           \n           <div class=\"ova-counter\" data-count=\"15\">\n                \n\t            \t            \t<div class=\"icon-wrapper\">\n\t            \t\t<div class=\"icon\">\n\t\t\t\t\t\t\t<i class=\"icomoon icomoon-routing\"><\/i>\n\t\t\t\t\t\t<\/div>\n\t            \t<\/div>\n\t\t\t\t\t            \n                <div class=\"odometer-wrapper\">\n\t\t\t\t\t<span class=\"odometer\">0<\/span>\n\t\t\t\t\t<span class=\"suffix\">\n\t\t\t\t\t\t+\t\t\t        <\/span>\n\t\t\t    <\/div>\n\t\t\t\t\n\t      \t     \t\t\t\t\t<h4 class=\"title\">\n\t\t\t\t\t\tPasseios Diferentes\t\t\t\t\t<\/h4>\n\t\t\t\t\n           <\/div>\n\t\t \t\n\t\t\t\t<\/div>\n\t\t\t\t<\/div>\n\t\t\t\t<div class=\"elementor-element elementor-element-44c5bef elementor-widget__width-auto elementor-widget-mobile__width-inherit elementor-widget elementor-widget-tripgo_elementor_counter\" data-id=\"44c5bef\" data-element_type=\"widget\" data-widget_type=\"tripgo_elementor_counter.default\">\n\t\t\t\t<div class=\"elementor-widget-container\">\n\t\t\t           \n           <div class=\"ova-counter\" data-count=\"156\">\n                \n\t            \t            \t<div class=\"icon-wrapper\">\n\t            \t\t<div class=\"icon\">\n\t\t\t\t\t\t\t<i class=\"icomoon icomoon-exceeds\"><\/i>\n\t\t\t\t\t\t<\/div>\n\t            \t<\/div>\n\t\t\t\t\t            \n                <div class=\"odometer-wrapper\">\n\t\t\t\t\t<span class=\"odometer\">0<\/span>\n\t\t\t\t\t<span class=\"suffix\">\n\t\t\t\t\t\t\t\t\t        <\/span>\n\t\t\t    <\/div>\n\t\t\t\t\n\t      \t     \t\t\t\t\t<h4 class=\"title\">\n\t\t\t\t\t\trecomenda\u00e7\u00f5es\t\t\t\t\t<\/h4>\n\t\t\t\t\n           <\/div>\n\t\t \t\n\t\t\t\t<\/div>\n\t\t\t\t<\/div>\n\t\t\t\t<div class=\"elementor-element elementor-element-fa3ece2 elementor-widget__width-auto elementor-widget-mobile__width-inherit elementor-widget elementor-widget-tripgo_elementor_counter\" data-id=\"fa3ece2\" data-element_type=\"widget\" data-widget_type=\"tripgo_elementor_counter.default\">\n\t\t\t\t<div class=\"elementor-widget-container\">\n\t\t\t           \n           <div class=\"ova-counter\" data-count=\"9.5\">\n                \n\t            \t            \t<div class=\"icon-wrapper\">\n\t            \t\t<div class=\"icon\">\n\t\t\t\t\t\t\t<i class=\"icomoon icomoon-star\"><\/i>\n\t\t\t\t\t\t<\/div>\n\t            \t<\/div>\n\t\t\t\t\t            \n                <div class=\"odometer-wrapper\">\n\t\t\t\t\t<span class=\"odometer\">0<\/span>\n\t\t\t\t\t<span class=\"suffix\">\n\t\t\t\t\t\t\t\t\t        <\/span>\n\t\t\t    <\/div>\n\t\t\t\t\n\t      \t     \t\t\t\t\t<h4 class=\"title\">\n\t\t\t\t\t\tde pontua\u00e7\u00e3o\t\t\t\t\t<\/h4>\n\t\t\t\t\n           <\/div>\n\t\t \t\n\t\t\t\t<\/div>\n\t\t\t\t<\/div>\n\t\t\t\t\t<\/div>\n\t\t<\/div>\n\t\t\t\t\t<\/div>\n\t\t<\/section>\n\t\t\t\t<section class=\"elementor-section elementor-top-section elementor-element elementor-element-4d2ae82 elementor-section-boxed elementor-section-height-default elementor-section-height-default\" data-id=\"4d2ae82\" data-element_type=\"section\">\n\t\t\t\t\t\t<div class=\"elementor-container elementor-column-gap-default\">\n\t\t\t\t\t<div class=\"elementor-column elementor-col-50 elementor-top-column elementor-element elementor-element-a725ada\" data-id=\"a725ada\" data-element_type=\"column\">\n\t\t\t<div class=\"elementor-widget-wrap elementor-element-populated\">\n\t\t\t\t\t\t<div class=\"elementor-element elementor-element-a9bbc14 elementor-widget elementor-widget-tripgo_elementor_heading\" data-id=\"a9bbc14\" data-element_type=\"widget\" data-widget_type=\"tripgo_elementor_heading.default\">\n\t\t\t\t<div class=\"elementor-widget-container\">\n\t\t\t\t\t<div class=\"ova-title\">\n\n\t\t\t\n\t\t\t\t\t\t\t\n\t\t\t\t\t\t\t<h2 class=\"title\">\n\t\t\t\t\t\t\t\t \n\t\t\t\t\t\t\t\tdescubra o outro lado da ESPANHA\n\t\t\t\t\t\t\t<\/h2>\n\t\t\t\t\t\t\t\n\t\t\t\t\t\t\t<p class=\"description\"> Roteiros gastron\u00f4micos e servi\u00e7os completos para congressistas, conven\u00e7\u00f5es, reuni\u00f5es e feiras: inclui uma variedade exclusiva de atividades culturais e passeios tem\u00e1ticos como um complemento perfeito para congressistas e conven\u00e7\u00f5es e seus acompanhantes. <\/p>\n\t\t\t\n\t\t<\/div> \n\t\t \t\n\t\t\t\t<\/div>\n\t\t\t\t<\/div>\n\t\t\t\t<div class=\"elementor-element elementor-element-b33b626 elementor-widget elementor-widget-tripgo_elementor_progress\" data-id=\"b33b626\" data-element_type=\"widget\" data-widget_type=\"tripgo_elementor_progress.default\">\n\t\t\t\t<div class=\"elementor-widget-container\">\n\t\t\t\n\t\t<div class=\"ova-progress\">\n\t\t\t\t\t\t\t<h6 class=\"ova-progress-title\">tapas<\/h6>\n\t\t\t\t\t\t<div class=\"ova-percent-view\" >\n\t\t\t\t<div class=\"ova-percent\" data-percent=\"95\"><\/div>\n\t\t\t\t<span class=\"percentage\" data-show-percent=\"yes\">\n\t\t\t\t\t95%\n\t\t\t\t<\/span>\n\t\t\t<\/div>\n\t\t\t\t\t<\/div>\n\t\t \t\n\t\t\t\t<\/div>\n\t\t\t\t<\/div>\n\t\t\t\t<div class=\"elementor-element elementor-element-2d8b367 elementor-widget elementor-widget-tripgo_elementor_progress\" data-id=\"2d8b367\" data-element_type=\"widget\" data-widget_type=\"tripgo_elementor_progress.default\">\n\t\t\t\t<div class=\"elementor-widget-container\">\n\t\t\t\n\t\t<div class=\"ova-progress\">\n\t\t\t\t\t\t\t<h6 class=\"ova-progress-title\">viagens<\/h6>\n\t\t\t\t\t\t<div class=\"ova-percent-view\" >\n\t\t\t\t<div class=\"ova-percent\" data-percent=\"95\"><\/div>\n\t\t\t\t<span class=\"percentage\" data-show-percent=\"yes\">\n\t\t\t\t\t95%\n\t\t\t\t<\/span>\n\t\t\t<\/div>\n\t\t\t\t\t<\/div>\n\t\t \t\n\t\t\t\t<\/div>\n\t\t\t\t<\/div>\n\t\t\t\t<div class=\"elementor-element elementor-element-c27d9fe elementor-widget elementor-widget-tripgo_elementor_progress\" data-id=\"c27d9fe\" data-element_type=\"widget\" data-widget_type=\"tripgo_elementor_progress.default\">\n\t\t\t\t<div class=\"elementor-widget-container\">\n\t\t\t\n\t\t<div class=\"ova-progress\">\n\t\t\t\t\t\t\t<h6 class=\"ova-progress-title\">Empresa<\/h6>\n\t\t\t\t\t\t<div class=\"ova-percent-view\" >\n\t\t\t\t<div class=\"ova-percent\" data-percent=\"100\"><\/div>\n\t\t\t\t<span class=\"percentage\" data-show-percent=\"yes\">\n\t\t\t\t\t100%\n\t\t\t\t<\/span>\n\t\t\t<\/div>\n\t\t\t\t\t<\/div>\n\t\t \t\n\t\t\t\t<\/div>\n\t\t\t\t<\/div>\n\t\t\t\t\t<\/div>\n\t\t<\/div>\n\t\t\t\t<div class=\"elementor-column elementor-col-50 elementor-top-column elementor-element elementor-element-496b054\" data-id=\"496b054\" data-element_type=\"column\">\n\t\t\t<div class=\"elementor-widget-wrap elementor-element-populated\">\n\t\t\t\t\t\t<div class=\"elementor-element elementor-element-b4d0cfb elementor-widget elementor-widget-image\" data-id=\"b4d0cfb\" data-element_type=\"widget\" data-widget_type=\"image.default\">\n\t\t\t\t<div class=\"elementor-widget-container\">\n\t\t\t\t\t\t\t\t\t\t\t\t\t<img decoding=\"async\" src=\"https:\/\/spanishtours.es\/wp-content\/uploads\/2023\/01\/cibeles-palace-and-fountain-at-the-plaza-cibeles-in-madrid-spain.jpg\" title=\"cibeles-pal\u00e1cio-e-fonte-na-pra\u00e7a-cibeles-em-madrid-espanha\" alt=\"cibeles-palace-and-fountain-at-the-plaza-cibeles-in-madrid-spain\" loading=\"lazy\" \/>\t\t\t\t\t\t\t\t\t\t\t\t\t<\/div>\n\t\t\t\t<\/div>\n\t\t\t\t<div class=\"elementor-element elementor-element-48f29ca elementor-widget__width-auto elementor-absolute elementor-hidden-mobile elementor-widget elementor-widget-image\" data-id=\"48f29ca\" data-element_type=\"widget\" data-settings=\"{&quot;_position&quot;:&quot;absolute&quot;}\" data-widget_type=\"image.default\">\n\t\t\t\t<div class=\"elementor-widget-container\">\n\t\t\t\t\t\t\t\t\t\t\t\t\t<img decoding=\"async\" src=\"https:\/\/spanishtours.es\/wp-content\/uploads\/2023\/02\/WhatsApp-Image-2023-02-21-at-09.17.39-1.jpeg\" title=\"WhatsApp Image 2023-02-21 \u00e0s 09.17.39 (1)\" alt=\"WhatsApp Image 2023-02-21 at 09.17.39 (1)\" loading=\"lazy\" \/>\t\t\t\t\t\t\t\t\t\t\t\t\t<\/div>\n\t\t\t\t<\/div>\n\t\t\t\t<div class=\"elementor-element elementor-element-8a7368a elementor-widget__width-auto elementor-absolute elementor-widget elementor-widget-image\" data-id=\"8a7368a\" data-element_type=\"widget\" data-settings=\"{&quot;_position&quot;:&quot;absolute&quot;}\" data-widget_type=\"image.default\">\n\t\t\t\t<div class=\"elementor-widget-container\">\n\t\t\t\t\t\t\t\t\t\t\t\t\t<img decoding=\"async\" width=\"213\" height=\"105\" src=\"https:\/\/spanishtours.es\/wp-content\/uploads\/2022\/07\/Framebg-2.png\" class=\"attachment-large size-large wp-image-1593\" alt=\"\" \/>\t\t\t\t\t\t\t\t\t\t\t\t\t<\/div>\n\t\t\t\t<\/div>\n\t\t\t\t\t<\/div>\n\t\t<\/div>\n\t\t\t\t\t<\/div>\n\t\t<\/section>\n\t\t\t\t<\/div>","protected":false},"excerpt":{"rendered":"<p>Bienvenidos a una experiencia magica Sobre Nosotros El factor sorpresa es parte de nuestro ADN. Organizamos eventos y tours para grupos con la mejor selecci\u00f3n de hoteles, traslados en unidades de lujo y tours de tapas, comidas, degustaciones y actividades en lugares \u00fanicos.\u00a0 He organizado eventos y tours en los \u00faltimos a\u00f1os para clientes hispanoamericanos, [&hellip;]<\/p>","protected":false},"author":1,"featured_media":0,"parent":0,"menu_order":0,"comment_status":"closed","ping_status":"closed","template":"elementor_header_footer","meta":{"om_disable_all_campaigns":false,"_monsterinsights_skip_tracking":false,"_monsterinsights_sitenote_active":false,"_monsterinsights_sitenote_note":"","_monsterinsights_sitenote_category":0,"footnotes":""},"class_list":["post-1185","page","type-page","status-publish","hentry"],"aioseo_notices":[],"_links":{"self":[{"href":"https:\/\/spanishtours.es\/pt\/wp-json\/wp\/v2\/pages\/1185","targetHints":{"allow":["GET"]}}],"collection":[{"href":"https:\/\/spanishtours.es\/pt\/wp-json\/wp\/v2\/pages"}],"about":[{"href":"https:\/\/spanishtours.es\/pt\/wp-json\/wp\/v2\/types\/page"}],"author":[{"embeddable":true,"href":"https:\/\/spanishtours.es\/pt\/wp-json\/wp\/v2\/users\/1"}],"replies":[{"embeddable":true,"href":"https:\/\/spanishtours.es\/pt\/wp-json\/wp\/v2\/comments?post=1185"}],"version-history":[{"count":84,"href":"https:\/\/spanishtours.es\/pt\/wp-json\/wp\/v2\/pages\/1185\/revisions"}],"predecessor-version":[{"id":6087,"href":"https:\/\/spanishtours.es\/pt\/wp-json\/wp\/v2\/pages\/1185\/revisions\/6087"}],"wp:attachment":[{"href":"https:\/\/spanishtours.es\/pt\/wp-json\/wp\/v2\/media?parent=1185"}],"curies":[{"name":"wp","href":"https:\/\/api.w.org\/{rel}","templated":true}]}}