{"id":4616,"date":"2022-06-23T07:12:45","date_gmt":"2022-06-23T07:12:45","guid":{"rendered":"https:\/\/demo.ovatheme.com\/tripgo\/?page_id=3"},"modified":"2023-01-29T21:18:39","modified_gmt":"2023-01-29T21:18:39","slug":"politicas-de-privacidad","status":"publish","type":"page","link":"https:\/\/spanishtours.es\/pt\/politicas-de-privacidad\/","title":{"rendered":"Pol\u00edticas de privacidade"},"content":{"rendered":"<p><strong>POL\u00cdTICA DE PRIVACIDADE<\/strong><\/p>\r\n<p>Na Spanish Tours, levamos a s\u00e9rio a privacidade de seus dados pessoais e trabalhamos duro para proteg\u00ea-los. Esta pol\u00edtica de privacidade descreve como coletamos, usamos, protegemos e compartilhamos seus dados pessoais em conex\u00e3o com nosso site e servi\u00e7os.<\/p>\r\n<p><strong>INFORMA\u00c7\u00d5ES QUE COLETAMOS<\/strong><\/p>\r\n<p>Coletamos informa\u00e7\u00f5es pessoais que voc\u00ea nos fornece voluntariamente, como seu nome, endere\u00e7o de e-mail, n\u00famero de telefone e prefer\u00eancias de viagem. Al\u00e9m disso, podemos coletar informa\u00e7\u00f5es sobre o uso de nosso site e servi\u00e7os, como a frequ\u00eancia com que voc\u00ea visita nosso site e quais passeios voc\u00ea reservou conosco.<\/p>\r\n<p><strong>COMO USAMOS SUAS INFORMA\u00c7\u00d5ES<\/strong><\/p>\r\n<p>Usamos suas informa\u00e7\u00f5es pessoais para fornecer a voc\u00ea um melhor servi\u00e7o e para melhorar nosso site e servi\u00e7os. Por exemplo, podemos usar suas informa\u00e7\u00f5es para entrar em contato com voc\u00ea sobre sua reserva e enviar atualiza\u00e7\u00f5es e ofertas especiais.<\/p>\r\n<p><strong>PROTE\u00c7\u00c3O DE SUAS INFORMA\u00c7\u00d5ES<\/strong><\/p>\r\n<p>Tomamos medidas de seguran\u00e7a razo\u00e1veis para proteger suas informa\u00e7\u00f5es pessoais contra perda, roubo, uso n\u00e3o autorizado e acesso n\u00e3o autorizado. No entanto, n\u00e3o podemos garantir a seguran\u00e7a absoluta de suas informa\u00e7\u00f5es pessoais.<\/p>\r\n<p><strong>COMPARTILHANDO SUAS INFORMA\u00c7\u00d5ES<\/strong><\/p>\r\n<p>N\u00e3o compartilharemos suas informa\u00e7\u00f5es pessoais com terceiros, exceto nos seguintes casos:<\/p>\r\n<ul>\r\n<li>Quando necess\u00e1rio para lhe prestar um servi\u00e7o ou realizar uma transa\u00e7\u00e3o que tenha solicitado<\/li>\r\n<li>Quando exigido por lei ou processo legal<\/li>\r\n<li>Quando acreditamos que \u00e9 necess\u00e1rio proteger nossos direitos ou propriedade<\/li>\r\n<\/ul>\r\n<p><strong>ALTERA\u00c7\u00d5ES A ESTA POL\u00cdTICA DE PRIVACIDADE<\/strong><\/p>\r\n<p>Podemos atualizar esta pol\u00edtica de privacidade de tempos em tempos para refletir as mudan\u00e7as em nossas pr\u00e1ticas de privacidade. Iremos notific\u00e1-lo sobre quaisquer mudan\u00e7as significativas na forma como usamos suas informa\u00e7\u00f5es pessoais por meio de um aviso em nosso site.<\/p>\r\n<p><strong>PERGUNTAS SOBRE NOSSA POL\u00cdTICA DE PRIVACIDADE<\/strong><\/p>\r\n<p>Se voc\u00ea tiver d\u00favidas ou coment\u00e1rios sobre esta pol\u00edtica de privacidade, n\u00e3o hesite em nos contatar.<\/p>","protected":false},"excerpt":{"rendered":"<p>POL\u00cdTICA DE PRIVACIDAD En Spanish Tours, nos tomamos en serio la privacidad de sus datos personales y trabajamos duro para protegerlos. La presente pol\u00edtica de privacidad describe c\u00f3mo recopilamos, usamos, protegemos y compartimos sus datos personales en relaci\u00f3n con nuestro sitio web y servicios. INFORMACI\u00d3N QUE RECOPILAMOS Recopilamos informaci\u00f3n personal que nos proporciona voluntariamente, como [&hellip;]<\/p>","protected":false},"author":1,"featured_media":0,"parent":0,"menu_order":0,"comment_status":"closed","ping_status":"open","template":"","meta":{"om_disable_all_campaigns":false,"_monsterinsights_skip_tracking":false,"_monsterinsights_sitenote_active":false,"_monsterinsights_sitenote_note":"","_monsterinsights_sitenote_category":0,"footnotes":""},"class_list":["post-4616","page","type-page","status-publish","hentry"],"aioseo_notices":[],"_links":{"self":[{"href":"https:\/\/spanishtours.es\/pt\/wp-json\/wp\/v2\/pages\/4616","targetHints":{"allow":["GET"]}}],"collection":[{"href":"https:\/\/spanishtours.es\/pt\/wp-json\/wp\/v2\/pages"}],"about":[{"href":"https:\/\/spanishtours.es\/pt\/wp-json\/wp\/v2\/types\/page"}],"author":[{"embeddable":true,"href":"https:\/\/spanishtours.es\/pt\/wp-json\/wp\/v2\/users\/1"}],"replies":[{"embeddable":true,"href":"https:\/\/spanishtours.es\/pt\/wp-json\/wp\/v2\/comments?post=4616"}],"version-history":[{"count":1,"href":"https:\/\/spanishtours.es\/pt\/wp-json\/wp\/v2\/pages\/4616\/revisions"}],"predecessor-version":[{"id":4777,"href":"https:\/\/spanishtours.es\/pt\/wp-json\/wp\/v2\/pages\/4616\/revisions\/4777"}],"wp:attachment":[{"href":"https:\/\/spanishtours.es\/pt\/wp-json\/wp\/v2\/media?parent=4616"}],"curies":[{"name":"wp","href":"https:\/\/api.w.org\/{rel}","templated":true}]}}