{"id":5076,"date":"2023-02-08T11:15:24","date_gmt":"2023-02-08T11:15:24","guid":{"rendered":"http:\/\/spanishtours.es\/?post_type=product&#038;p=5076"},"modified":"2023-05-26T15:36:59","modified_gmt":"2023-05-26T15:36:59","slug":"tours-para-ellas","status":"publish","type":"product","link":"https:\/\/spanishtours.es\/pt\/product\/tours-para-ellas\/","title":{"rendered":"Experi\u00eancias s\u00f3 para eles"},"content":{"rendered":"<div data-elementor-type=\"wp-post\" data-elementor-id=\"5076\" class=\"elementor elementor-5076\">\n\t\t\t\t\t\t<section class=\"elementor-section elementor-top-section elementor-element elementor-element-7bb525b9 elementor-section-boxed elementor-section-height-default elementor-section-height-default\" data-id=\"7bb525b9\" data-element_type=\"section\">\n\t\t\t\t\t\t<div class=\"elementor-container elementor-column-gap-default\">\n\t\t\t\t\t<div class=\"elementor-column elementor-col-100 elementor-top-column elementor-element elementor-element-279895ee\" data-id=\"279895ee\" data-element_type=\"column\">\n\t\t\t<div class=\"elementor-widget-wrap elementor-element-populated\">\n\t\t\t\t\t\t<div class=\"elementor-element elementor-element-1ed348b elementor-widget elementor-widget-text-editor\" data-id=\"1ed348b\" data-element_type=\"widget\" data-widget_type=\"text-editor.default\">\n\t\t\t\t<div class=\"elementor-widget-container\">\n\t\t\t<style>\/*! elementor - v3.19.0 - 29-01-2024 *\/\n.elementor-widget-text-editor.elementor-drop-cap-view-stacked .elementor-drop-cap{background-color:#69727d;color:#fff}.elementor-widget-text-editor.elementor-drop-cap-view-framed .elementor-drop-cap{color:#69727d;border:3px solid;background-color:transparent}.elementor-widget-text-editor:not(.elementor-drop-cap-view-default) .elementor-drop-cap{margin-top:8px}.elementor-widget-text-editor:not(.elementor-drop-cap-view-default) .elementor-drop-cap-letter{width:1em;height:1em}.elementor-widget-text-editor .elementor-drop-cap{float:left;text-align:center;line-height:1;font-size:50px}.elementor-widget-text-editor .elementor-drop-cap-letter{display:inline-block}<\/style>\t\t\t\t<p><strong>Passeios divertidos para meninas<\/strong><\/p><p>Quer pretenda festejar o seu anivers\u00e1rio, despedida de solteira ou qualquer ocasi\u00e3o especial, temos tours pensados para si e para os seus amigos que incluem preparar o seu pr\u00f3prio perfume, ir a tapas nos locais mais trendy, fazer compras em lojas exclusivas, degusta\u00e7\u00f5es em restaurantes centen\u00e1rios vin\u00edcolas, charmosas cafeterias, chocolaterias, entre outras experi\u00eancias.\u00a0<strong style=\"color: var(--text); font-family: var(--primary-font); letter-spacing: var(--letter-spacing);\">Venha a Madrid com o seu grupo e n\u00f3s tratamos de toda a organiza\u00e7\u00e3o, brindes de boas-vindas, transfers e log\u00edstica.<\/strong><\/p>\t\t\t\t\t\t<\/div>\n\t\t\t\t<\/div>\n\t\t\t\t\t<\/div>\n\t\t<\/div>\n\t\t\t\t\t<\/div>\n\t\t<\/section>\n\t\t\t\t<\/div>","protected":false},"excerpt":{"rendered":"<p><strong>Passeios divertidos para meninas<\/strong><\/p>\n<p>Tanto si quieres celebrar<strong> tu cumplea\u00f1os, despedida de soltera o cualquier ocasi\u00f3n especial,<\/strong> tenemos tours dise\u00f1ados para ti y tus amigas que incluyen preparar tu propio perfume, ir de tapas a los sitios m\u00e1s de moda, compras en tiendas exclusivas, catas a bodegas centenarias, cafeter\u00edas con encanto, chocolater\u00edas, entre otras experiencias.<\/p>\n<p><strong>Venha a Madrid com o seu grupo e n\u00f3s tratamos de toda a organiza\u00e7\u00e3o, brindes de boas-vindas, transfers e log\u00edstica.<\/strong><\/p>","protected":false},"featured_media":5597,"comment_status":"open","ping_status":"closed","template":"","meta":{"om_disable_all_campaigns":false,"_monsterinsights_skip_tracking":false,"_monsterinsights_sitenote_active":false,"_monsterinsights_sitenote_note":"","_monsterinsights_sitenote_category":0},"product_cat":[60,61],"product_tag":[53,52,45,55,46,54,51,47,48,49,56,50],"class_list":{"0":"post-5076","1":"product","2":"type-product","3":"status-publish","4":"has-post-thumbnail","6":"product_cat-day-tours","7":"product_cat-eventos-especiales","8":"product_tag-bar","9":"product_tag-bares","10":"product_tag-comida","11":"product_tag-espana","12":"product_tag-madrid","13":"product_tag-restaurante","14":"product_tag-restaurantes","15":"product_tag-tapas","16":"product_tag-tour","17":"product_tag-tours","18":"product_tag-turismo","19":"product_tag-visita","21":"first","22":"instock","23":"shipping-taxable","24":"purchasable","25":"product-type-ovabrw_car_rental"},"aioseo_notices":[],"_links":{"self":[{"href":"https:\/\/spanishtours.es\/pt\/wp-json\/wp\/v2\/product\/5076","targetHints":{"allow":["GET"]}}],"collection":[{"href":"https:\/\/spanishtours.es\/pt\/wp-json\/wp\/v2\/product"}],"about":[{"href":"https:\/\/spanishtours.es\/pt\/wp-json\/wp\/v2\/types\/product"}],"replies":[{"embeddable":true,"href":"https:\/\/spanishtours.es\/pt\/wp-json\/wp\/v2\/comments?post=5076"}],"version-history":[{"count":24,"href":"https:\/\/spanishtours.es\/pt\/wp-json\/wp\/v2\/product\/5076\/revisions"}],"predecessor-version":[{"id":6560,"href":"https:\/\/spanishtours.es\/pt\/wp-json\/wp\/v2\/product\/5076\/revisions\/6560"}],"wp:featuredmedia":[{"embeddable":true,"href":"https:\/\/spanishtours.es\/pt\/wp-json\/wp\/v2\/media\/5597"}],"wp:attachment":[{"href":"https:\/\/spanishtours.es\/pt\/wp-json\/wp\/v2\/media?parent=5076"}],"wp:term":[{"taxonomy":"product_cat","embeddable":true,"href":"https:\/\/spanishtours.es\/pt\/wp-json\/wp\/v2\/product_cat?post=5076"},{"taxonomy":"product_tag","embeddable":true,"href":"https:\/\/spanishtours.es\/pt\/wp-json\/wp\/v2\/product_tag?post=5076"}],"curies":[{"name":"wp","href":"https:\/\/api.w.org\/{rel}","templated":true}]}}