{"id":7342,"date":"2024-02-27T16:43:36","date_gmt":"2024-02-27T16:43:36","guid":{"rendered":"https:\/\/spanishtours.es\/?post_type=product&#038;p=7342"},"modified":"2024-02-27T17:01:42","modified_gmt":"2024-02-27T17:01:42","slug":"tour-espana","status":"publish","type":"product","link":"https:\/\/spanishtours.es\/pt\/product\/tour-espana\/","title":{"rendered":"Tour Espa\u00f1a-3 ciudades- Paquete para dos adultos y 1 ni\u00f1o"},"content":{"rendered":"<div data-elementor-type=\"wp-post\" data-elementor-id=\"7342\" class=\"elementor elementor-7342\">\n\t\t\t\t\t\t<section class=\"elementor-section elementor-top-section elementor-element elementor-element-7bb525b9 elementor-section-boxed elementor-section-height-default elementor-section-height-default\" data-id=\"7bb525b9\" data-element_type=\"section\">\n\t\t\t\t\t\t<div class=\"elementor-container elementor-column-gap-default\">\n\t\t\t\t\t<div class=\"elementor-column elementor-col-100 elementor-top-column elementor-element elementor-element-279895ee\" data-id=\"279895ee\" data-element_type=\"column\">\n\t\t\t<div class=\"elementor-widget-wrap elementor-element-populated\">\n\t\t\t\t\t\t<div class=\"elementor-element elementor-element-1ed348b elementor-widget elementor-widget-text-editor\" data-id=\"1ed348b\" data-element_type=\"widget\" data-widget_type=\"text-editor.default\">\n\t\t\t\t<div class=\"elementor-widget-container\">\n\t\t\t<style>\/*! elementor - v3.19.0 - 29-01-2024 *\/\n.elementor-widget-text-editor.elementor-drop-cap-view-stacked .elementor-drop-cap{background-color:#69727d;color:#fff}.elementor-widget-text-editor.elementor-drop-cap-view-framed .elementor-drop-cap{color:#69727d;border:3px solid;background-color:transparent}.elementor-widget-text-editor:not(.elementor-drop-cap-view-default) .elementor-drop-cap{margin-top:8px}.elementor-widget-text-editor:not(.elementor-drop-cap-view-default) .elementor-drop-cap-letter{width:1em;height:1em}.elementor-widget-text-editor .elementor-drop-cap{float:left;text-align:center;line-height:1;font-size:50px}.elementor-widget-text-editor .elementor-drop-cap-letter{display:inline-block}<\/style>\t\t\t\t<div data-v-dfcda204=\"\"><p>Tour por 3 ciudades de Espa\u00f1a<\/p><p><br \/><strong>Madrid:<\/strong><br \/>D\u00eda 1: <br \/>Traslado desde el aeropuerto a al hotel\u00a0<\/p><p>D\u00eda 2: <br \/>Ruta de tapas t\u00edpicas por la Gran V\u00eda. 12:30 h. Incluye entre 5 tapas, gu\u00eda y 3 bebidas por persona. Duraci\u00f3n: 3 horas. Incluye: Mercado de La Reina, Taberna de la Reina y Museo Chicote o restaurante alternativo. <br \/>Tarde libre.<\/p><p>D\u00eda 3: <br \/>City tour por el centro de Madrid. 10:00 a.m. incluye visita guiada en grupo (no privada) por Plaza Mayor, Gran V\u00eda, Plaza Espa\u00f1a, Puerta del Sol, Puerta de Alcal\u00e1. 3 horas. Entradas, comida, bebidas y traslados no incluidos. <br \/>City Bus Tour por la tarde (no privado)<\/p><p><strong>Sevilla:<\/strong><br \/>D\u00eda 4: <br \/>Viaje a Sevilla en tren de alta velocidad (Ave o similar). <br \/>Traslado al hotel.<br \/>Sevilla Tour (3 atracciones) <br \/>Espect\u00e1culo Flamenco por la noche<\/p><p><strong>Barcelona:<\/strong><br \/>D\u00eda 5: <br \/>Viaje a Barcelona en tren de alta velocidad (Ave o similar). Estancia en Barcel\u00f3 Sants)<br \/>Visita a la Sagrada Familia de Gaud\u00ed sin colas<br \/>Tarde libre<\/p><\/div><p>Incluye alojamiento en las tres ciudades, tours, comidas y traslados especificados.\u00a0<\/p><p>PRECIOS PUEDEN VARIAR SEG\u00daN LA TEMPORADA. PARA COTIZACI\u00d3N FINAL, CONTACTARNOS<\/p><p>Whatsapp de contacto: +34658746496\u00a0<\/p><p>Correo: info@spanishtours.es<\/p><div data-v-dfcda204=\"\">\u00a0<\/div>\t\t\t\t\t\t<\/div>\n\t\t\t\t<\/div>\n\t\t\t\t<div class=\"elementor-element elementor-element-a68a23e elementor-widget elementor-widget-text-editor\" data-id=\"a68a23e\" data-element_type=\"widget\" data-widget_type=\"text-editor.default\">\n\t\t\t\t<div class=\"elementor-widget-container\">\n\t\t\t\t\t\t\t\t\t\t\t\t\t<\/div>\n\t\t\t\t<\/div>\n\t\t\t\t\t<\/div>\n\t\t<\/div>\n\t\t\t\t\t<\/div>\n\t\t<\/section>\n\t\t\t\t<\/div>","protected":false},"excerpt":{"rendered":"<div data-v-dfcda204=\"\"><b>paquete de 3 ciudades en Espa\u00f1a<\/b><\/div>\n<div data-v-dfcda204=\"\">\n<p>&nbsp;<\/p>\n<\/div>","protected":false},"featured_media":5008,"comment_status":"open","ping_status":"closed","template":"","meta":{"om_disable_all_campaigns":false,"_monsterinsights_skip_tracking":false,"_monsterinsights_sitenote_active":false,"_monsterinsights_sitenote_note":"","_monsterinsights_sitenote_category":0},"product_cat":[61,62],"product_tag":[53,52,45,55,46,54,51,47,48,49,56,50],"class_list":{"0":"post-7342","1":"product","2":"type-product","3":"status-publish","4":"has-post-thumbnail","6":"product_cat-eventos-especiales","7":"product_cat-ferias-y-congresos","8":"product_tag-bar","9":"product_tag-bares","10":"product_tag-comida","11":"product_tag-espana","12":"product_tag-madrid","13":"product_tag-restaurante","14":"product_tag-restaurantes","15":"product_tag-tapas","16":"product_tag-tour","17":"product_tag-tours","18":"product_tag-turismo","19":"product_tag-visita","21":"first","22":"instock","23":"shipping-taxable","24":"purchasable","25":"product-type-ovabrw_car_rental"},"aioseo_notices":[],"_links":{"self":[{"href":"https:\/\/spanishtours.es\/pt\/wp-json\/wp\/v2\/product\/7342","targetHints":{"allow":["GET"]}}],"collection":[{"href":"https:\/\/spanishtours.es\/pt\/wp-json\/wp\/v2\/product"}],"about":[{"href":"https:\/\/spanishtours.es\/pt\/wp-json\/wp\/v2\/types\/product"}],"replies":[{"embeddable":true,"href":"https:\/\/spanishtours.es\/pt\/wp-json\/wp\/v2\/comments?post=7342"}],"version-history":[{"count":13,"href":"https:\/\/spanishtours.es\/pt\/wp-json\/wp\/v2\/product\/7342\/revisions"}],"predecessor-version":[{"id":7361,"href":"https:\/\/spanishtours.es\/pt\/wp-json\/wp\/v2\/product\/7342\/revisions\/7361"}],"wp:featuredmedia":[{"embeddable":true,"href":"https:\/\/spanishtours.es\/pt\/wp-json\/wp\/v2\/media\/5008"}],"wp:attachment":[{"href":"https:\/\/spanishtours.es\/pt\/wp-json\/wp\/v2\/media?parent=7342"}],"wp:term":[{"taxonomy":"product_cat","embeddable":true,"href":"https:\/\/spanishtours.es\/pt\/wp-json\/wp\/v2\/product_cat?post=7342"},{"taxonomy":"product_tag","embeddable":true,"href":"https:\/\/spanishtours.es\/pt\/wp-json\/wp\/v2\/product_tag?post=7342"}],"curies":[{"name":"wp","href":"https:\/\/api.w.org\/{rel}","templated":true}]}}